{"id":25169,"date":"2016-09-26T18:08:36","date_gmt":"2016-09-26T16:08:36","guid":{"rendered":"http:\/\/deploy.frankfurt-marathon.com\/en\/impressum\/"},"modified":"2026-03-30T13:34:47","modified_gmt":"2026-03-30T11:34:47","slug":"imprint-2","status":"publish","type":"page","link":"https:\/\/www.frankfurt-marathon.com\/en\/imprint-2\/","title":{"rendered":"Imprint"},"content":{"rendered":"<div class=\"wpb-content-wrapper\"><p>[vc_row full_width=&#8221;stretch_row_content_no_spaces&#8221;][vc_column][dhsv_vc_header bgimage=&#8221;797&#8243; headline=&#8221;Imprint&#8221; subline=&#8221;www.frankfurt-marathon.com&#8221;][\/dhsv_vc_header][\/vc_column][\/vc_row][vc_row][vc_column width=&#8221;2\/3&#8243;][dhsv_vc_headline_subline headline=&#8221;Impressum&#8221;][vc_empty_space height=&#8221;15px&#8221;][vc_column_text css=&#8221;&#8221;]<\/p>\n<div id=\"c9563\" class=\"csc-default\">\n<p class=\"bodytext\">Impressum gem\u00e4\u00df \u00a7 5 Telemediengesetz (TMG):<\/p>\n<p class=\"bodytext\">Mainova Frankfurt Marathon<br \/>\nmotion events GmbH<br \/>\nSonnemannstr. 5<br \/>\n60314 Frankfurt am Main<\/p>\n<p class=\"bodytext\">Tel.: +49 69 3700468-0<br \/>\nFax: +49 69 3700468-11<\/p>\n<p class=\"bodytext\">e-mail:\u00a0<a>mail@frankfurt-marathon.com<\/a><\/p>\n<p class=\"bodytext\">Verantwortlicher i.S.d. Presserechts und \u00a7\u00a7 5 TMG, 55 RStV:<br \/>\nJo Schindler (Anschrift wie oben)<\/p>\n<p class=\"bodytext\">motion events GmbH<br \/>\nGesch\u00e4ftsf\u00fchrer: Jo Schindler, Jeanette Wong, Hugh Brasher<br \/>\nRegistergericht Regensburg, HRB 8540<br \/>\nSteuer Nr. 244\/132\/70126<\/p>\n<p class=\"bodytext\">Organizer<\/p>\n<p class=\"bodytext\"><img decoding=\"async\" src=\"http:\/\/www.frankfurt-marathon.com\/wp-content\/uploads\/Frankfurt-Marathon_uncategorized_RTEmagicC_MoEvents_Logo_07_-5938.jpg\" \/><\/p>\n<div class=\"wpb_text_column wpb_content_element bg_default\">\n<div class=\"wpb_wrapper\">\n<h2>Webdesign and Graphics:<\/h2>\n<\/div>\n<\/div>\n<div class=\"vc_empty_space\"><\/div>\n<div class=\"wpb_single_image wpb_content_element vc_align_left\">\n<figure class=\"wpb_wrapper vc_figure\">\n<div class=\"vc_single_image-wrapper vc_box_border_grey\"><img loading=\"lazy\" decoding=\"async\" class=\"vc_single_image-img \" title=\"Logo_2000_klein\" src=\"http:\/\/www.darmstadtimherzen.de\/wp-content\/uploads\/2014\/04\/Logo_2000_klein-150x62.png\" alt=\"Logo_2000_klein\" width=\"150\" height=\"62\" \/><\/div>\n<\/figure>\n<\/div>\n<div class=\"wpb_text_column wpb_content_element bg_default\">\n<div class=\"wpb_wrapper\">\n<p>360VIER GmbH<\/p>\n<p>Wambolt&#8217;sches Schloss<br \/>\nCurtigasse 6<br \/>\nD-64823 Gro\u00df-Umstadt<\/p>\n<p>Telefon: +49 (0) 6078 &#8211; 394 99 0<br \/>\nMail: <a href=\"mailto:info@360vier.de\">info@360vier.de<\/a><br \/>\nWeb: <a href=\"https:\/\/www.360vier.de\/webdesign-frankfurt\/\" target=\"_blank\" rel=\"noopener noreferrer\">www.360vier.de<\/a><\/p>\n<p>&nbsp;<\/p>\n<\/div>\n<\/div>\n<p class=\"bodytext\"><b>Haftungsausschluss<\/b><\/p>\n<p>F\u00fcr externe Links zu fremden Inhalten k\u00f6nnen wir trotz sorgf\u00e4ltiger inhaltlicher Kontrolle keine Haftung \u00fcbernehmen.<\/p>\n<\/div>\n<p>[\/vc_column_text][vc_column_text]Zahlungsdienstleister:<\/p>\n<p>&nbsp;<\/p>\n<p>njuko Deutschland GmbH<\/p>\n<p>Fischerstr. 59<\/p>\n<p>40477 D\u00fcsseldorf<\/p>\n<p>Tel.: +49 151 57 91 80 98<\/p>\n<p>E-mail:\u00a0<a href=\"mailto:sonja.bertok@njuko.com\">sonja.bertok@njuko.com<\/a><\/p>\n<p>Gesch\u00e4ftsf\u00fchrer: Pierre Duvelleroy<\/p>\n<p>Amtsgericht D\u00fcsseldorf, HRB 83684<\/p>\n<p>USt-IdNr.: DE 31 986 7568<\/p>\n<p>[\/vc_column_text][vc_empty_space][vc_column_text]Die Europ\u00e4ische Kommission stellt eine Plattform f\u00fcr die au\u00dfergerichtliche Online-Streitbeilegung (OS-Plattform) bereit, die unter <a href=\"http:\/\/www.ec.europa.eu\/consumers\/odr\">www.ec.europa.eu\/consumers\/odr<\/a> aufrufbar ist. Unsere E-Mail-Adresse finden Sie in unserem Impressum. Wir sind weder verpflichtet noch bereit, an dem Streitschlichtungsverfahren teilzunehmen.[\/vc_column_text][vc_column_text]Es wird auf die Datenschutzerkl\u00e4rung der motion events GmbH, abrufbar unter <a href=\"http:\/\/www.frankfurt-marathon.com\/datenschutz\/\">www.frankfurt-marathon.com\/datenschutz\/<\/a>, verwiesen.[\/vc_column_text][\/vc_column][vc_column width=&#8221;1\/3&#8243;][\/vc_column][\/vc_row]<\/p>\n<\/div>","protected":false},"excerpt":{"rendered":"<p>[vc_row full_width=&#8221;stretch_row_content_no_spaces&#8221;][vc_column][dhsv_vc_header bgimage=&#8221;797&#8243; headline=&#8221;Imprint&#8221; subline=&#8221;www.frankfurt-marathon.com&#8221;][\/dhsv_vc_header][\/vc_column][\/vc_row][vc_row][vc_column width=&#8221;2\/3&#8243;][dhsv_vc_headline_subline headline=&#8221;Impressum&#8221;][vc_empty_space height=&#8221;15px&#8221;][vc_column_text css=&#8221;&#8221;] Impressum gem\u00e4\u00df \u00a7 5 Telemediengesetz (TMG): Mainova Frankfurt Marathon motion events GmbH Sonnemannstr. 5 60314 Frankfurt am Main Tel.: +49 69 3700468-0 Fax: +49 69 3700468-11 e-mail:\u00a0mail@frankfurt-marathon.com Verantwortlicher i.S.d. Presserechts und \u00a7\u00a7 5 TMG, 55 RStV: Jo Schindler (Anschrift wie oben) motion events GmbH Gesch\u00e4ftsf\u00fchrer: Jo <a class=\"moretag\" href=\"https:\/\/www.frankfurt-marathon.com\/en\/imprint-2\/\">ganzen Artikel lesen&#8230;<\/a><\/p>\n","protected":false},"author":5,"featured_media":0,"parent":0,"menu_order":0,"comment_status":"closed","ping_status":"closed","template":"","meta":{"_acf_changed":false,"footnotes":""},"yst_prominent_words":[12548,2447,12551,6242,6215,617,28016,13424,28019,24593,17030,1619,6245,6212,6209,5513,17039,1778,17027],"class_list":["post-25169","page","type-page","status-publish","hentry"],"acf":[],"_links":{"self":[{"href":"https:\/\/www.frankfurt-marathon.com\/en\/wp-json\/wp\/v2\/pages\/25169","targetHints":{"allow":["GET"]}}],"collection":[{"href":"https:\/\/www.frankfurt-marathon.com\/en\/wp-json\/wp\/v2\/pages"}],"about":[{"href":"https:\/\/www.frankfurt-marathon.com\/en\/wp-json\/wp\/v2\/types\/page"}],"author":[{"embeddable":true,"href":"https:\/\/www.frankfurt-marathon.com\/en\/wp-json\/wp\/v2\/users\/5"}],"replies":[{"embeddable":true,"href":"https:\/\/www.frankfurt-marathon.com\/en\/wp-json\/wp\/v2\/comments?post=25169"}],"version-history":[{"count":6,"href":"https:\/\/www.frankfurt-marathon.com\/en\/wp-json\/wp\/v2\/pages\/25169\/revisions"}],"predecessor-version":[{"id":682273,"href":"https:\/\/www.frankfurt-marathon.com\/en\/wp-json\/wp\/v2\/pages\/25169\/revisions\/682273"}],"wp:attachment":[{"href":"https:\/\/www.frankfurt-marathon.com\/en\/wp-json\/wp\/v2\/media?parent=25169"}],"wp:term":[{"taxonomy":"yst_prominent_words","embeddable":true,"href":"https:\/\/www.frankfurt-marathon.com\/en\/wp-json\/wp\/v2\/yst_prominent_words?post=25169"}],"curies":[{"name":"wp","href":"https:\/\/api.w.org\/{rel}","templated":true}]}}