{"id":7553,"date":"2016-09-14T10:51:54","date_gmt":"2016-09-14T08:51:54","guid":{"rendered":"http:\/\/deploy.frankfurt-marathon.com\/en\/dein-lauf\/"},"modified":"2025-01-14T12:46:05","modified_gmt":"2025-01-14T10:46:05","slug":"yourrun","status":"publish","type":"page","link":"https:\/\/www.frankfurt-marathon.com\/en\/yourrun\/","title":{"rendered":"Your run"},"content":{"rendered":"<div class=\"wpb-content-wrapper\"><p>[vc_row][vc_column][\/vc_column][\/vc_row][vc_row full_width=&#8221;stretch_row_content_no_spaces&#8221;][vc_column][dhsv_vc_header bgimage=&#8221;2280&#8243; height=&#8221;large&#8221; headline=&#8221;Sonntag, 26. Oktober 2025&#8243; subline=&#8221;10:00 Uhr&#8221;][\/dhsv_vc_header][\/vc_column][\/vc_row][vc_row][vc_column width=&#8221;2\/3&#8243;][dhsv_vc_headline_subline headline=&#8221;einer der besten marathons&#8221; subline=&#8221;42195 Meter durch Frankfurt&#8221;][dhsv_vc_breakup text=&#8221;Mainova Frankfurt Marathon | 26th Oktober 2025 | Frankfurt am Main&#8221;][vc_column_text]Alle Teilnehmer erhalten eine Startnummer! Alle diejenigen, welche sich bis zum Meldeschluss angemeldet haben, bekommen eine pers\u00f6nliche Startnummer mit ihrem Vornamen. Die Startnummernausgabe befindet sich in der Halle 1.2 auf dem Gel\u00e4nde der Messe Frankfurt und ist zu folgenden Zeiten ge\u00f6ffnet:<\/p>\n<p>Freitag, 24. Oktober 2025, 12:00 bis 19:00 Uhr<\/p>\n<p>Samstag, 28. Oktober 2025, 10:00 Uhr bis 19:00 Uhr<\/p>\n<p>Sonntag, 26. Oktober 2025, 07:00 Uhr bis 09:30 Uhr[\/vc_column_text][vc_empty_space][\/vc_column][vc_column width=&#8221;1\/3&#8243;][\/vc_column][\/vc_row]<\/p>\n<\/div>","protected":false},"excerpt":{"rendered":"<p>[vc_row][vc_column][\/vc_column][\/vc_row][vc_row full_width=&#8221;stretch_row_content_no_spaces&#8221;][vc_column][dhsv_vc_header bgimage=&#8221;2280&#8243; height=&#8221;large&#8221; headline=&#8221;Sonntag, 26. Oktober 2025&#8243; subline=&#8221;10:00 Uhr&#8221;][\/dhsv_vc_header][\/vc_column][\/vc_row][vc_row][vc_column width=&#8221;2\/3&#8243;][dhsv_vc_headline_subline headline=&#8221;einer der besten marathons&#8221; subline=&#8221;42195 Meter durch Frankfurt&#8221;][dhsv_vc_breakup text=&#8221;Mainova Frankfurt Marathon | 26th Oktober 2025 | Frankfurt am Main&#8221;][vc_column_text]Alle Teilnehmer erhalten eine Startnummer! Alle diejenigen, welche sich bis zum Meldeschluss angemeldet haben, bekommen eine pers\u00f6nliche Startnummer mit ihrem Vornamen. Die Startnummernausgabe befindet sich in <a class=\"moretag\" href=\"https:\/\/www.frankfurt-marathon.com\/en\/yourrun\/\">ganzen Artikel lesen&#8230;<\/a><\/p>\n","protected":false},"author":5,"featured_media":0,"parent":0,"menu_order":13,"comment_status":"closed","ping_status":"closed","template":"","meta":{"_acf_changed":false,"footnotes":""},"yst_prominent_words":[12053,863,38812,2420],"class_list":["post-7553","page","type-page","status-publish","hentry"],"acf":[],"_links":{"self":[{"href":"https:\/\/www.frankfurt-marathon.com\/en\/wp-json\/wp\/v2\/pages\/7553","targetHints":{"allow":["GET"]}}],"collection":[{"href":"https:\/\/www.frankfurt-marathon.com\/en\/wp-json\/wp\/v2\/pages"}],"about":[{"href":"https:\/\/www.frankfurt-marathon.com\/en\/wp-json\/wp\/v2\/types\/page"}],"author":[{"embeddable":true,"href":"https:\/\/www.frankfurt-marathon.com\/en\/wp-json\/wp\/v2\/users\/5"}],"replies":[{"embeddable":true,"href":"https:\/\/www.frankfurt-marathon.com\/en\/wp-json\/wp\/v2\/comments?post=7553"}],"version-history":[{"count":5,"href":"https:\/\/www.frankfurt-marathon.com\/en\/wp-json\/wp\/v2\/pages\/7553\/revisions"}],"predecessor-version":[{"id":669241,"href":"https:\/\/www.frankfurt-marathon.com\/en\/wp-json\/wp\/v2\/pages\/7553\/revisions\/669241"}],"wp:attachment":[{"href":"https:\/\/www.frankfurt-marathon.com\/en\/wp-json\/wp\/v2\/media?parent=7553"}],"wp:term":[{"taxonomy":"yst_prominent_words","embeddable":true,"href":"https:\/\/www.frankfurt-marathon.com\/en\/wp-json\/wp\/v2\/yst_prominent_words?post=7553"}],"curies":[{"name":"wp","href":"https:\/\/api.w.org\/{rel}","templated":true}]}}