{"id":618535,"date":"2021-04-06T11:21:04","date_gmt":"2021-04-06T09:21:04","guid":{"rendered":"http:\/\/deploy.frankfurt-marathon.com\/?post_type=product&#038;p=618535"},"modified":"2026-03-21T20:50:58","modified_gmt":"2026-03-21T18:50:58","slug":"charity-silikonarmband-wishlet","status":"publish","type":"product","link":"https:\/\/www.frankfurt-marathon.com\/en\/produkt\/charity-silikonarmband-wishlet\/","title":{"rendered":"Charity-Silikonarmband \u201eWishlet\u201c"},"content":{"rendered":"<p>Bestelle jetzt f\u00fcr 5\u20ac Dein Silikonarmband \u201eWishlet\u201c und <strong>unterst\u00fctze mit dem Kauf das Charity-Projekt \u201eDer W\u00fcnschewagen \u2013 Letzte W\u00fcnsche wagen\u201c.<\/strong> Den netto Kaufpreis in H\u00f6he von 4,20\u20ac spendet der Veranstalter des Mainova Frankfurt Marathon ohne weitere Abz\u00fcge an das Charity-Projekt \u201cDer W\u00fcnschewagen \u2013 Letzte W\u00fcnsche wagen\u201d des ASB Hessen. N\u00e4here Informationen zum Charity-Projekt findest du unter <a href=\"https:\/\/www.wuenschewagen.de\">www.wuenschewagen.de<\/a>.<\/p>\n<p>&nbsp;<\/p>\n<p>&nbsp;<\/p>\n<ul>\n<li>\n<h4>Produktdetails:<\/h4>\n<ul>\n<li>Silikonarmband mit Schriftzug \u201eMainova Frankfurt Marathon \u2013 running for last wishes\u201c<\/li>\n<li>Tiefenpr\u00e4gung mit Farbf\u00fcllung in Wei\u00df<\/li>\n<li>Bandgr\u00f6\u00dfe 202 x 12 x 2mm<\/li>\n<li>Farben: dunkelblau, gelb, rot und neon-pink<\/li>\n<\/ul>\n<\/li>\n<\/ul>\n","protected":false},"excerpt":{"rendered":"<p>Bestelle jetzt f\u00fcr 5\u20ac Dein Silikonarmband \u201eWishlet\u201c und unterst\u00fctze mit dem Kauf das Charity-Projekt \u201eDer W\u00fcnschewagen \u2013 Letzte W\u00fcnsche wagen\u201c. Den netto Kaufpreis in H\u00f6he von 4,20\u20ac spendet der Veranstalter des Mainova Frankfurt Marathon ohne weitere Abz\u00fcge an das Charity-Projekt \u201cDer W\u00fcnschewagen \u2013 Letzte W\u00fcnsche wagen\u201d des ASB Hessen. N\u00e4here Informationen zum Charity-Projekt findest du <a class=\"moretag\" href=\"https:\/\/www.frankfurt-marathon.com\/en\/produkt\/charity-silikonarmband-wishlet\/\">ganzen Artikel lesen&#8230;<\/a><\/p>\n","protected":false},"featured_media":669001,"template":"","meta":{"_acf_changed":false},"product_brand":[],"product_cat":[38908,39229,39196],"product_tag":[],"yst_prominent_words":[32870,32855,32846,617,608,33239,12509,12497,1343,605,584,25121,13640,12512,11738,12506,12494,12530],"class_list":{"0":"post-618535","1":"product","2":"type-product","3":"status-publish","4":"has-post-thumbnail","6":"product_cat-accessoires","7":"product_cat-armband","8":"product_cat-charity","10":"first","11":"instock","12":"taxable","13":"shipping-taxable","14":"purchasable","15":"product-type-variable","16":"has-default-attributes"},"acf":[],"_links":{"self":[{"href":"https:\/\/www.frankfurt-marathon.com\/en\/wp-json\/wp\/v2\/product\/618535","targetHints":{"allow":["GET"]}}],"collection":[{"href":"https:\/\/www.frankfurt-marathon.com\/en\/wp-json\/wp\/v2\/product"}],"about":[{"href":"https:\/\/www.frankfurt-marathon.com\/en\/wp-json\/wp\/v2\/types\/product"}],"wp:featuredmedia":[{"embeddable":true,"href":"https:\/\/www.frankfurt-marathon.com\/en\/wp-json\/wp\/v2\/media\/669001"}],"wp:attachment":[{"href":"https:\/\/www.frankfurt-marathon.com\/en\/wp-json\/wp\/v2\/media?parent=618535"}],"wp:term":[{"taxonomy":"product_brand","embeddable":true,"href":"https:\/\/www.frankfurt-marathon.com\/en\/wp-json\/wp\/v2\/product_brand?post=618535"},{"taxonomy":"product_cat","embeddable":true,"href":"https:\/\/www.frankfurt-marathon.com\/en\/wp-json\/wp\/v2\/product_cat?post=618535"},{"taxonomy":"product_tag","embeddable":true,"href":"https:\/\/www.frankfurt-marathon.com\/en\/wp-json\/wp\/v2\/product_tag?post=618535"},{"taxonomy":"yst_prominent_words","embeddable":true,"href":"https:\/\/www.frankfurt-marathon.com\/en\/wp-json\/wp\/v2\/yst_prominent_words?post=618535"}],"curies":[{"name":"wp","href":"https:\/\/api.w.org\/{rel}","templated":true}]}}