{"id":628543,"date":"2022-06-17T13:10:20","date_gmt":"2022-06-17T11:10:20","guid":{"rendered":"https:\/\/deploy.frankfurt-marathon.com\/?post_type=product&#038;p=628543"},"modified":"2025-11-17T11:40:57","modified_gmt":"2025-11-17T09:40:57","slug":"mainova-frankfurt-marathon-trinkflasche","status":"publish","type":"product","link":"https:\/\/www.frankfurt-marathon.com\/en\/produkt\/mainova-frankfurt-marathon-trinkflasche\/","title":{"rendered":"Mainova Frankfurt Marathon Trinkflasche"},"content":{"rendered":"<p>Offizielle &#8220;Mainova Frankfurt Marathon&#8221;-Flasche mit exklusiver Skyline Grafik unseres Partners Super Sparrow.<\/p>\n<p>&nbsp;<\/p>\n<p>Das Fassungsverm\u00f6gen der Flasche betr\u00e4gt 750ml. Sie besteht aus rostfreiem Stahl und ist BPA-frei. Zudem ist die Flasche auslaufsicher und h\u00e4lt Deine Getr\u00e4nke wahlweise 24 Stunden kalt oder 12 Stunden warm. Du kannst zwischen den Farbvarianten &#8220;Edelstahl&#8221; und &#8220;kobalt-blau&#8221; w\u00e4hlen.<\/p>\n","protected":false},"excerpt":{"rendered":"<p>Offizielle &#8220;Mainova Frankfurt Marathon&#8221;-Flasche mit exklusiver Skyline Grafik unseres Partners Super Sparrow. &nbsp; Das Fassungsverm\u00f6gen der Flasche betr\u00e4gt 750ml. Sie besteht aus rostfreiem Stahl und ist BPA-frei. Zudem ist die Flasche auslaufsicher und h\u00e4lt Deine Getr\u00e4nke wahlweise 24 Stunden kalt oder 12 Stunden warm. Du kannst zwischen den Farbvarianten &#8220;Edelstahl&#8221; und &#8220;kobalt-blau&#8221; w\u00e4hlen.<\/p>\n","protected":false},"featured_media":628558,"template":"","meta":{"_acf_changed":false},"product_brand":[],"product_cat":[38950],"product_tag":[],"yst_prominent_words":[],"class_list":{"0":"post-628543","1":"product","2":"type-product","3":"status-publish","4":"has-post-thumbnail","6":"product_cat-trinkflasche","7":"product_shipping_class-book","9":"first","10":"instock","11":"taxable","12":"shipping-taxable","13":"purchasable","14":"product-type-variable","15":"has-default-attributes"},"acf":[],"_links":{"self":[{"href":"https:\/\/www.frankfurt-marathon.com\/en\/wp-json\/wp\/v2\/product\/628543","targetHints":{"allow":["GET"]}}],"collection":[{"href":"https:\/\/www.frankfurt-marathon.com\/en\/wp-json\/wp\/v2\/product"}],"about":[{"href":"https:\/\/www.frankfurt-marathon.com\/en\/wp-json\/wp\/v2\/types\/product"}],"wp:featuredmedia":[{"embeddable":true,"href":"https:\/\/www.frankfurt-marathon.com\/en\/wp-json\/wp\/v2\/media\/628558"}],"wp:attachment":[{"href":"https:\/\/www.frankfurt-marathon.com\/en\/wp-json\/wp\/v2\/media?parent=628543"}],"wp:term":[{"taxonomy":"product_brand","embeddable":true,"href":"https:\/\/www.frankfurt-marathon.com\/en\/wp-json\/wp\/v2\/product_brand?post=628543"},{"taxonomy":"product_cat","embeddable":true,"href":"https:\/\/www.frankfurt-marathon.com\/en\/wp-json\/wp\/v2\/product_cat?post=628543"},{"taxonomy":"product_tag","embeddable":true,"href":"https:\/\/www.frankfurt-marathon.com\/en\/wp-json\/wp\/v2\/product_tag?post=628543"},{"taxonomy":"yst_prominent_words","embeddable":true,"href":"https:\/\/www.frankfurt-marathon.com\/en\/wp-json\/wp\/v2\/yst_prominent_words?post=628543"}],"curies":[{"name":"wp","href":"https:\/\/api.w.org\/{rel}","templated":true}]}}