{"id":636682,"date":"2022-11-07T10:59:25","date_gmt":"2022-11-07T08:59:25","guid":{"rendered":"https:\/\/deploy.frankfurt-marathon.com\/?post_type=product&#038;p=636682"},"modified":"2026-02-06T12:25:15","modified_gmt":"2026-02-06T10:25:15","slug":"hoka-teilnehmershirt-mainova-frankfurt-marathon-2022-tshirt-damen","status":"publish","type":"product","link":"https:\/\/www.frankfurt-marathon.com\/en\/produkt\/hoka-teilnehmershirt-mainova-frankfurt-marathon-2022-tshirt-damen\/","title":{"rendered":"HOKA Teilnehmershirt Mainova Frankfurt Marathon 2022, T-Shirt Damen"},"content":{"rendered":"<h4>Produktdetails:<\/h4>\n<ul>\n<li>Lauf-T-Shirt (Damen) aus recyceltem Polyester<\/li>\n<li>Passform: normal<\/li>\n<li>Frontprint: Mainova Frankfurt Marathon-Logo (Brust) | Fly Human Fly (\u00c4rmel)<\/li>\n<li>Farbe: blau<\/li>\n<li>Gr\u00f6\u00dfen: XS-XL<\/li>\n<\/ul>\n","protected":false},"excerpt":{"rendered":"<p>Produktdetails: Lauf-T-Shirt (Damen) aus recyceltem Polyester Passform: normal Frontprint: Mainova Frankfurt Marathon-Logo (Brust) | Fly Human Fly (\u00c4rmel) Farbe: blau Gr\u00f6\u00dfen: XS-XL<\/p>\n","protected":false},"featured_media":636772,"template":"","meta":{"_acf_changed":false},"product_brand":[],"product_cat":[29],"product_tag":[],"yst_prominent_words":[],"class_list":{"0":"post-636682","1":"product","2":"type-product","3":"status-publish","4":"has-post-thumbnail","6":"product_cat-shirts","8":"first","9":"instock","10":"sale","11":"featured","12":"taxable","13":"shipping-taxable","14":"purchasable","15":"product-type-variable"},"acf":[],"_links":{"self":[{"href":"https:\/\/www.frankfurt-marathon.com\/en\/wp-json\/wp\/v2\/product\/636682","targetHints":{"allow":["GET"]}}],"collection":[{"href":"https:\/\/www.frankfurt-marathon.com\/en\/wp-json\/wp\/v2\/product"}],"about":[{"href":"https:\/\/www.frankfurt-marathon.com\/en\/wp-json\/wp\/v2\/types\/product"}],"wp:featuredmedia":[{"embeddable":true,"href":"https:\/\/www.frankfurt-marathon.com\/en\/wp-json\/wp\/v2\/media\/636772"}],"wp:attachment":[{"href":"https:\/\/www.frankfurt-marathon.com\/en\/wp-json\/wp\/v2\/media?parent=636682"}],"wp:term":[{"taxonomy":"product_brand","embeddable":true,"href":"https:\/\/www.frankfurt-marathon.com\/en\/wp-json\/wp\/v2\/product_brand?post=636682"},{"taxonomy":"product_cat","embeddable":true,"href":"https:\/\/www.frankfurt-marathon.com\/en\/wp-json\/wp\/v2\/product_cat?post=636682"},{"taxonomy":"product_tag","embeddable":true,"href":"https:\/\/www.frankfurt-marathon.com\/en\/wp-json\/wp\/v2\/product_tag?post=636682"},{"taxonomy":"yst_prominent_words","embeddable":true,"href":"https:\/\/www.frankfurt-marathon.com\/en\/wp-json\/wp\/v2\/yst_prominent_words?post=636682"}],"curies":[{"name":"wp","href":"https:\/\/api.w.org\/{rel}","templated":true}]}}