{"id":650155,"date":"2023-09-27T13:13:33","date_gmt":"2023-09-27T11:13:33","guid":{"rendered":"https:\/\/deploy.frankfurt-marathon.com\/?post_type=product&#038;p=650155"},"modified":"2026-03-08T16:32:24","modified_gmt":"2026-03-08T14:32:24","slug":"charity-schluesselanhaenger-2","status":"publish","type":"product","link":"https:\/\/www.frankfurt-marathon.com\/en\/produkt\/charity-schluesselanhaenger-2\/","title":{"rendered":"CHARITY-SCHL\u00dcSSELANH\u00c4NGER"},"content":{"rendered":"<p>\u201erunning for last wishes\u201c: Zeig deine Unterst\u00fctzung f\u00fcr das<a href=\"https:\/\/deploy.frankfurt-marathon.com\/charity\/\" target=\"_blank\" rel=\"noopener\"><strong> Charity-Projekt \u201eASB-W\u00fcnschewagen\u201c<\/strong><\/a> mit einem praktischen und geschmackvollen neuen Schl\u00fcsselanh\u00e4nger! Der Reinerl\u00f6s des Schl\u00fcsselanh\u00e4ngers mit Schl\u00fcsselring und Aluminium-Karabiner flie\u00dft in die Spendensumme f\u00fcr den W\u00fcnschewagen Rhein-Main ein.<\/p>\n<p>&nbsp;<\/p>\n<p>&nbsp;<\/p>\n<ul>\n<li>\n<h4>Produktdetails:<\/h4>\n<ul>\n<li>Schl\u00fcsselanh\u00e4nger mit Schriftzug \u201eMainova Frankfurt Marathon \u2013 running for last wishes\u201c<\/li>\n<li>Schl\u00fcsselring und gl\u00e4nzender Karabiner<\/li>\n<li>Gr\u00f6\u00dfe: 150x20mm<\/li>\n<li>Material: flachgewebtes Polyester<\/li>\n<\/ul>\n<\/li>\n<\/ul>\n","protected":false},"excerpt":{"rendered":"<p>\u201erunning for last wishes\u201c: Zeig deine Unterst\u00fctzung f\u00fcr das Charity-Projekt \u201eASB-W\u00fcnschewagen\u201c mit einem praktischen und geschmackvollen neuen Schl\u00fcsselanh\u00e4nger! Der Reinerl\u00f6s des Schl\u00fcsselanh\u00e4ngers mit Schl\u00fcsselring und Aluminium-Karabiner flie\u00dft in die Spendensumme f\u00fcr den W\u00fcnschewagen Rhein-Main ein. &nbsp; &nbsp; Produktdetails: Schl\u00fcsselanh\u00e4nger mit Schriftzug \u201eMainova Frankfurt Marathon \u2013 running for last wishes\u201c Schl\u00fcsselring und gl\u00e4nzender Karabiner Gr\u00f6\u00dfe: 150x20mm <a class=\"moretag\" href=\"https:\/\/www.frankfurt-marathon.com\/en\/produkt\/charity-schluesselanhaenger-2\/\">ganzen Artikel lesen&#8230;<\/a><\/p>\n","protected":false},"featured_media":650125,"template":"","meta":{"_acf_changed":false},"product_brand":[],"product_cat":[39196,39211],"product_tag":[],"yst_prominent_words":[],"class_list":{"0":"post-650155","1":"product","2":"type-product","3":"status-publish","4":"has-post-thumbnail","6":"product_cat-charity","7":"product_cat-schluesselanhaenger-charity","9":"first","10":"instock","11":"featured","12":"taxable","13":"shipping-taxable","14":"purchasable","15":"product-type-simple"},"acf":[],"_links":{"self":[{"href":"https:\/\/www.frankfurt-marathon.com\/en\/wp-json\/wp\/v2\/product\/650155","targetHints":{"allow":["GET"]}}],"collection":[{"href":"https:\/\/www.frankfurt-marathon.com\/en\/wp-json\/wp\/v2\/product"}],"about":[{"href":"https:\/\/www.frankfurt-marathon.com\/en\/wp-json\/wp\/v2\/types\/product"}],"wp:featuredmedia":[{"embeddable":true,"href":"https:\/\/www.frankfurt-marathon.com\/en\/wp-json\/wp\/v2\/media\/650125"}],"wp:attachment":[{"href":"https:\/\/www.frankfurt-marathon.com\/en\/wp-json\/wp\/v2\/media?parent=650155"}],"wp:term":[{"taxonomy":"product_brand","embeddable":true,"href":"https:\/\/www.frankfurt-marathon.com\/en\/wp-json\/wp\/v2\/product_brand?post=650155"},{"taxonomy":"product_cat","embeddable":true,"href":"https:\/\/www.frankfurt-marathon.com\/en\/wp-json\/wp\/v2\/product_cat?post=650155"},{"taxonomy":"product_tag","embeddable":true,"href":"https:\/\/www.frankfurt-marathon.com\/en\/wp-json\/wp\/v2\/product_tag?post=650155"},{"taxonomy":"yst_prominent_words","embeddable":true,"href":"https:\/\/www.frankfurt-marathon.com\/en\/wp-json\/wp\/v2\/yst_prominent_words?post=650155"}],"curies":[{"name":"wp","href":"https:\/\/api.w.org\/{rel}","templated":true}]}}