{"id":655768,"date":"2023-11-01T16:32:53","date_gmt":"2023-11-01T14:32:53","guid":{"rendered":"https:\/\/deploy.frankfurt-marathon.com\/?post_type=product&#038;p=655768"},"modified":"2025-11-29T00:40:19","modified_gmt":"2025-11-28T22:40:19","slug":"technical-running-shirt-hoka-x-mainova-frankfurt-marathon-t-shirt-herren-2023","status":"publish","type":"product","link":"https:\/\/www.frankfurt-marathon.com\/en\/produkt\/technical-running-shirt-hoka-x-mainova-frankfurt-marathon-t-shirt-herren-2023\/","title":{"rendered":"Technical Running Shirt: HOKA x Mainova Frankfurt Marathon, T-Shirt Herren 2023"},"content":{"rendered":"<h4>Produktdetails:<\/h4>\n<ul>\n<li>Lauf- T-shirt (Herren)<\/li>\n<li>Material: 50% recyceltes Polyester<\/li>\n<li>Details: L\u00e4ngsnahtschwei\u00dfung<\/li>\n<li>Frontprint: HOKA (Brust) | Mainova Frankfurt Marathon-Logo (unterer Saum) | Fly Human Fly (\u00c4rmel)<\/li>\n<li>Farbe: blau<\/li>\n<li>Gr\u00f6\u00dfen: S-XL<\/li>\n<\/ul>\n","protected":false},"excerpt":{"rendered":"<p>Produktdetails: Lauf- T-shirt (Herren) Material: 50% recyceltes Polyester Details: L\u00e4ngsnahtschwei\u00dfung Frontprint: HOKA (Brust) | Mainova Frankfurt Marathon-Logo (unterer Saum) | Fly Human Fly (\u00c4rmel) Farbe: blau Gr\u00f6\u00dfen: S-XL<\/p>\n","protected":false},"featured_media":655639,"template":"","meta":{"_acf_changed":false},"product_brand":[],"product_cat":[29],"product_tag":[],"yst_prominent_words":[],"class_list":{"0":"post-655768","1":"product","2":"type-product","3":"status-publish","4":"has-post-thumbnail","6":"product_cat-shirts","8":"first","9":"instock","10":"featured","11":"taxable","12":"shipping-taxable","13":"purchasable","14":"product-type-variable"},"acf":[],"_links":{"self":[{"href":"https:\/\/www.frankfurt-marathon.com\/en\/wp-json\/wp\/v2\/product\/655768","targetHints":{"allow":["GET"]}}],"collection":[{"href":"https:\/\/www.frankfurt-marathon.com\/en\/wp-json\/wp\/v2\/product"}],"about":[{"href":"https:\/\/www.frankfurt-marathon.com\/en\/wp-json\/wp\/v2\/types\/product"}],"wp:featuredmedia":[{"embeddable":true,"href":"https:\/\/www.frankfurt-marathon.com\/en\/wp-json\/wp\/v2\/media\/655639"}],"wp:attachment":[{"href":"https:\/\/www.frankfurt-marathon.com\/en\/wp-json\/wp\/v2\/media?parent=655768"}],"wp:term":[{"taxonomy":"product_brand","embeddable":true,"href":"https:\/\/www.frankfurt-marathon.com\/en\/wp-json\/wp\/v2\/product_brand?post=655768"},{"taxonomy":"product_cat","embeddable":true,"href":"https:\/\/www.frankfurt-marathon.com\/en\/wp-json\/wp\/v2\/product_cat?post=655768"},{"taxonomy":"product_tag","embeddable":true,"href":"https:\/\/www.frankfurt-marathon.com\/en\/wp-json\/wp\/v2\/product_tag?post=655768"},{"taxonomy":"yst_prominent_words","embeddable":true,"href":"https:\/\/www.frankfurt-marathon.com\/en\/wp-json\/wp\/v2\/yst_prominent_words?post=655768"}],"curies":[{"name":"wp","href":"https:\/\/api.w.org\/{rel}","templated":true}]}}