{"id":656218,"date":"2023-11-15T18:34:21","date_gmt":"2023-11-15T16:34:21","guid":{"rendered":"https:\/\/deploy.frankfurt-marathon.com\/?post_type=product&#038;p=656218"},"modified":"2025-11-24T13:19:03","modified_gmt":"2025-11-24T11:19:03","slug":"charity-handbemalter-hoka-schuh-herren","status":"publish","type":"product","link":"https:\/\/www.frankfurt-marathon.com\/en\/produkt\/charity-handbemalter-hoka-schuh-herren\/","title":{"rendered":"Laufschuhe f\u00fcr Herren by Jan Paul M\u00fcller"},"content":{"rendered":"<p>Customized Hoka Clifton 9 by Jan Paul M\u00fcller<\/p>\n<p>&nbsp;<\/p>\n<p>Die Hochh\u00e4user der Frankfurter Skyline in stilisierter Form zieren das Herrenmodell des Hoka Clifton 9 in der Farbe White \/ White. Der Erl\u00f6s aus dem Verkauf der streng limitierten Edition, die anl\u00e4sslich der Jubil\u00e4umsveranstaltung 2023 entstand, kommen zu 50% dem <a href=\"https:\/\/deploy.frankfurt-marathon.com\/charity\/\" target=\"_blank\" rel=\"noopener\"><u>Charity-Partner der Veranstaltung, ASB Hessen und dem Projekt W\u00fcnschewagen Rhein-Main<\/u><\/a> zugute.<\/p>\n<p>&nbsp;<\/p>\n<p>Jan Paul M\u00fcller ist ein deutscher Zeichner und K\u00fcnstler aus Offenbach. Er ist bekannt f\u00fcr seine freie Malerei und f\u00fcr seine Arbeiten mit renommierten Marken und Agenturen.<\/p>\n","protected":false},"excerpt":{"rendered":"<p>Customized Hoka Clifton 9 by Jan Paul M\u00fcller &nbsp; Die Hochh\u00e4user der Frankfurter Skyline in stilisierter Form zieren das Herrenmodell des Hoka Clifton 9 in der Farbe White \/ White. Der Erl\u00f6s aus dem Verkauf der streng limitierten Edition, die anl\u00e4sslich der Jubil\u00e4umsveranstaltung 2023 entstand, kommen zu 50% dem Charity-Partner der Veranstaltung, ASB Hessen und <a class=\"moretag\" href=\"https:\/\/www.frankfurt-marathon.com\/en\/produkt\/charity-handbemalter-hoka-schuh-herren\/\">ganzen Artikel lesen&#8230;<\/a><\/p>\n","protected":false},"featured_media":656797,"template":"","meta":{"_acf_changed":false},"product_brand":[],"product_cat":[39196,39202],"product_tag":[39199],"yst_prominent_words":[],"class_list":{"0":"post-656218","1":"product","2":"type-product","3":"status-publish","4":"has-post-thumbnail","6":"product_cat-charity","7":"product_cat-schuh","8":"product_tag-charity","9":"product_shipping_class-buch","11":"first","12":"outofstock","13":"sale","14":"featured","15":"taxable","16":"shipping-taxable","17":"purchasable","18":"product-type-variable"},"acf":[],"_links":{"self":[{"href":"https:\/\/www.frankfurt-marathon.com\/en\/wp-json\/wp\/v2\/product\/656218","targetHints":{"allow":["GET"]}}],"collection":[{"href":"https:\/\/www.frankfurt-marathon.com\/en\/wp-json\/wp\/v2\/product"}],"about":[{"href":"https:\/\/www.frankfurt-marathon.com\/en\/wp-json\/wp\/v2\/types\/product"}],"wp:featuredmedia":[{"embeddable":true,"href":"https:\/\/www.frankfurt-marathon.com\/en\/wp-json\/wp\/v2\/media\/656797"}],"wp:attachment":[{"href":"https:\/\/www.frankfurt-marathon.com\/en\/wp-json\/wp\/v2\/media?parent=656218"}],"wp:term":[{"taxonomy":"product_brand","embeddable":true,"href":"https:\/\/www.frankfurt-marathon.com\/en\/wp-json\/wp\/v2\/product_brand?post=656218"},{"taxonomy":"product_cat","embeddable":true,"href":"https:\/\/www.frankfurt-marathon.com\/en\/wp-json\/wp\/v2\/product_cat?post=656218"},{"taxonomy":"product_tag","embeddable":true,"href":"https:\/\/www.frankfurt-marathon.com\/en\/wp-json\/wp\/v2\/product_tag?post=656218"},{"taxonomy":"yst_prominent_words","embeddable":true,"href":"https:\/\/www.frankfurt-marathon.com\/en\/wp-json\/wp\/v2\/yst_prominent_words?post=656218"}],"curies":[{"name":"wp","href":"https:\/\/api.w.org\/{rel}","templated":true}]}}