{"id":656449,"date":"2023-11-17T14:13:02","date_gmt":"2023-11-17T12:13:02","guid":{"rendered":"https:\/\/deploy.frankfurt-marathon.com\/?post_type=product&#038;p=656449"},"modified":"2026-01-01T13:36:22","modified_gmt":"2026-01-01T11:36:22","slug":"hoka-pullover-mainova-frankfurt-marathon-herren","status":"publish","type":"product","link":"https:\/\/www.frankfurt-marathon.com\/en\/produkt\/hoka-pullover-mainova-frankfurt-marathon-herren\/","title":{"rendered":"HOKA Pullover Mainova Frankfurt Marathon &#8211; Herren"},"content":{"rendered":"<h4>Produktdetails:<\/h4>\n<ul>\n<li>Pullover<\/li>\n<li>Passform: wir empfehlen eine Gr\u00f6\u00dfe gr\u00f6\u00dfer zu bestellen<\/li>\n<li>Frontprint: Mainova Frankfurt Marathon-Logo &amp; HOKA-Logo (Brust)<\/li>\n<li>Backprint: HOKA-Vogel (Nacken)<\/li>\n<li>Farbe: t\u00fcrkis\/ wei\u00dfe Details<\/li>\n<li>Gr\u00f6\u00dfen: S-3XL<\/li>\n<\/ul>\n","protected":false},"excerpt":{"rendered":"<p>Produktdetails: Pullover Passform: wir empfehlen eine Gr\u00f6\u00dfe gr\u00f6\u00dfer zu bestellen Frontprint: Mainova Frankfurt Marathon-Logo &amp; HOKA-Logo (Brust) Backprint: HOKA-Vogel (Nacken) Farbe: t\u00fcrkis\/ wei\u00dfe Details Gr\u00f6\u00dfen: S-3XL<\/p>\n","protected":false},"featured_media":656437,"template":"","meta":{"_acf_changed":false},"product_brand":[],"product_cat":[39190],"product_tag":[],"yst_prominent_words":[],"class_list":{"0":"post-656449","1":"product","2":"type-product","3":"status-publish","4":"has-post-thumbnail","6":"product_cat-hoodie","8":"first","9":"instock","10":"featured","11":"taxable","12":"shipping-taxable","13":"purchasable","14":"product-type-variable"},"acf":[],"_links":{"self":[{"href":"https:\/\/www.frankfurt-marathon.com\/en\/wp-json\/wp\/v2\/product\/656449","targetHints":{"allow":["GET"]}}],"collection":[{"href":"https:\/\/www.frankfurt-marathon.com\/en\/wp-json\/wp\/v2\/product"}],"about":[{"href":"https:\/\/www.frankfurt-marathon.com\/en\/wp-json\/wp\/v2\/types\/product"}],"wp:featuredmedia":[{"embeddable":true,"href":"https:\/\/www.frankfurt-marathon.com\/en\/wp-json\/wp\/v2\/media\/656437"}],"wp:attachment":[{"href":"https:\/\/www.frankfurt-marathon.com\/en\/wp-json\/wp\/v2\/media?parent=656449"}],"wp:term":[{"taxonomy":"product_brand","embeddable":true,"href":"https:\/\/www.frankfurt-marathon.com\/en\/wp-json\/wp\/v2\/product_brand?post=656449"},{"taxonomy":"product_cat","embeddable":true,"href":"https:\/\/www.frankfurt-marathon.com\/en\/wp-json\/wp\/v2\/product_cat?post=656449"},{"taxonomy":"product_tag","embeddable":true,"href":"https:\/\/www.frankfurt-marathon.com\/en\/wp-json\/wp\/v2\/product_tag?post=656449"},{"taxonomy":"yst_prominent_words","embeddable":true,"href":"https:\/\/www.frankfurt-marathon.com\/en\/wp-json\/wp\/v2\/yst_prominent_words?post=656449"}],"curies":[{"name":"wp","href":"https:\/\/api.w.org\/{rel}","templated":true}]}}