{"id":656596,"date":"2023-11-20T13:26:10","date_gmt":"2023-11-20T11:26:10","guid":{"rendered":"https:\/\/deploy.frankfurt-marathon.com\/?post_type=product&#038;p=656596"},"modified":"2025-09-09T17:58:54","modified_gmt":"2025-09-09T15:58:54","slug":"charity-poster-wimmelbild-frankfurt-marathon","status":"publish","type":"product","link":"https:\/\/www.frankfurt-marathon.com\/en\/produkt\/charity-poster-wimmelbild-frankfurt-marathon\/","title":{"rendered":"Poster by Jan Paul M\u00fcller"},"content":{"rendered":"<p>Digitaler Kunstdruck \u201eMainova Frankfurt Marathon\u201c by Jan Paul M\u00fcller<\/p>\n<p>&nbsp;<\/p>\n<p>Die Hochh\u00e4user der Frankfurter Skyline in stilisierter Form, L\u00e4ufer-Figuren und jede Menge freche Details, die an Comics erinnern \u2013 bei jedem Betrachten entdeckt man wie in einem Wimmelbild Neues und verliert sich f\u00f6rmlich in dem Motiv, das im Rahmen der Jubil\u00e4umsveranstaltung 2023 entstand. Die Erl\u00f6ser aus dem Verkauf der hochwertigen Poster im DIN A2 Format kommen zu 50% dem <a href=\"https:\/\/deploy.frankfurt-marathon.com\/charity\/\" target=\"_blank\" rel=\"noopener\"><u>Charity-Partner der Veranstaltung, ASB Hessen und dem Projekt W\u00fcnschewagen Rhein-Main<\/u><\/a> zugute.<\/p>\n<p>&nbsp;<\/p>\n<p>Jan Paul M\u00fcller ist ein deutscher Zeichner und K\u00fcnstler aus Offenbach. Er ist bekannt f\u00fcr seine freie Malerei und f\u00fcr seine Arbeiten mit renommierten Marken und Agenturen.<\/p>\n","protected":false},"excerpt":{"rendered":"<p>Digitaler Kunstdruck \u201eMainova Frankfurt Marathon\u201c by Jan Paul M\u00fcller &nbsp; Die Hochh\u00e4user der Frankfurter Skyline in stilisierter Form, L\u00e4ufer-Figuren und jede Menge freche Details, die an Comics erinnern \u2013 bei jedem Betrachten entdeckt man wie in einem Wimmelbild Neues und verliert sich f\u00f6rmlich in dem Motiv, das im Rahmen der Jubil\u00e4umsveranstaltung 2023 entstand. Die Erl\u00f6ser <a class=\"moretag\" href=\"https:\/\/www.frankfurt-marathon.com\/en\/produkt\/charity-poster-wimmelbild-frankfurt-marathon\/\">ganzen Artikel lesen&#8230;<\/a><\/p>\n","protected":false},"featured_media":656602,"template":"","meta":{"_acf_changed":false},"product_brand":[],"product_cat":[39196,39208],"product_tag":[],"yst_prominent_words":[],"class_list":{"0":"post-656596","1":"product","2":"type-product","3":"status-publish","4":"has-post-thumbnail","6":"product_cat-charity","7":"product_cat-poster-siebdruck","8":"product_shipping_class-versandrolle","10":"first","11":"instock","12":"featured","13":"taxable","14":"shipping-taxable","15":"purchasable","16":"product-type-simple"},"acf":[],"_links":{"self":[{"href":"https:\/\/www.frankfurt-marathon.com\/en\/wp-json\/wp\/v2\/product\/656596","targetHints":{"allow":["GET"]}}],"collection":[{"href":"https:\/\/www.frankfurt-marathon.com\/en\/wp-json\/wp\/v2\/product"}],"about":[{"href":"https:\/\/www.frankfurt-marathon.com\/en\/wp-json\/wp\/v2\/types\/product"}],"wp:featuredmedia":[{"embeddable":true,"href":"https:\/\/www.frankfurt-marathon.com\/en\/wp-json\/wp\/v2\/media\/656602"}],"wp:attachment":[{"href":"https:\/\/www.frankfurt-marathon.com\/en\/wp-json\/wp\/v2\/media?parent=656596"}],"wp:term":[{"taxonomy":"product_brand","embeddable":true,"href":"https:\/\/www.frankfurt-marathon.com\/en\/wp-json\/wp\/v2\/product_brand?post=656596"},{"taxonomy":"product_cat","embeddable":true,"href":"https:\/\/www.frankfurt-marathon.com\/en\/wp-json\/wp\/v2\/product_cat?post=656596"},{"taxonomy":"product_tag","embeddable":true,"href":"https:\/\/www.frankfurt-marathon.com\/en\/wp-json\/wp\/v2\/product_tag?post=656596"},{"taxonomy":"yst_prominent_words","embeddable":true,"href":"https:\/\/www.frankfurt-marathon.com\/en\/wp-json\/wp\/v2\/yst_prominent_words?post=656596"}],"curies":[{"name":"wp","href":"https:\/\/api.w.org\/{rel}","templated":true}]}}