{"id":656659,"date":"2023-11-20T13:55:36","date_gmt":"2023-11-20T11:55:36","guid":{"rendered":"https:\/\/deploy.frankfurt-marathon.com\/?post_type=product&#038;p=656659"},"modified":"2025-11-29T00:40:19","modified_gmt":"2025-11-28T22:40:19","slug":"teilnehmer-longsleeve-2023-hoka-x-mainova-frankfurt-marathon-herren-kopie","status":"publish","type":"product","link":"https:\/\/www.frankfurt-marathon.com\/en\/produkt\/teilnehmer-longsleeve-2023-hoka-x-mainova-frankfurt-marathon-herren-kopie\/","title":{"rendered":"Teilnehmer Longsleeve 2023: HOKA x Mainova Frankfurt Marathon, Herren"},"content":{"rendered":"<h4>Produktdetails:<\/h4>\n<ul>\n<li>\u00a0Lauf- T-shirt (Herren)<\/li>\n<li>Print: Skyline x 42.195| HOKA (Brust) | Mainova Frankfurt Marathon-Logo (Brust) | Jubil\u00e4umslogo (unterer Saum) | Fly Human Fly (\u00c4rmel)<\/li>\n<li>Farbe: blau &#8211; Farbverlauf<\/li>\n<li>Gr\u00f6\u00dfen: XS-XXL<\/li>\n<\/ul>\n","protected":false},"excerpt":{"rendered":"<p>Produktdetails: \u00a0Lauf- T-shirt (Herren) Print: Skyline x 42.195| HOKA (Brust) | Mainova Frankfurt Marathon-Logo (Brust) | Jubil\u00e4umslogo (unterer Saum) | Fly Human Fly (\u00c4rmel) Farbe: blau &#8211; Farbverlauf Gr\u00f6\u00dfen: XS-XXL<\/p>\n","protected":false},"featured_media":656689,"template":"","meta":{"_acf_changed":false},"product_brand":[],"product_cat":[29],"product_tag":[],"yst_prominent_words":[],"class_list":{"0":"post-656659","1":"product","2":"type-product","3":"status-publish","4":"has-post-thumbnail","6":"product_cat-shirts","8":"first","9":"instock","10":"featured","11":"taxable","12":"shipping-taxable","13":"purchasable","14":"product-type-variable"},"acf":[],"_links":{"self":[{"href":"https:\/\/www.frankfurt-marathon.com\/en\/wp-json\/wp\/v2\/product\/656659","targetHints":{"allow":["GET"]}}],"collection":[{"href":"https:\/\/www.frankfurt-marathon.com\/en\/wp-json\/wp\/v2\/product"}],"about":[{"href":"https:\/\/www.frankfurt-marathon.com\/en\/wp-json\/wp\/v2\/types\/product"}],"wp:featuredmedia":[{"embeddable":true,"href":"https:\/\/www.frankfurt-marathon.com\/en\/wp-json\/wp\/v2\/media\/656689"}],"wp:attachment":[{"href":"https:\/\/www.frankfurt-marathon.com\/en\/wp-json\/wp\/v2\/media?parent=656659"}],"wp:term":[{"taxonomy":"product_brand","embeddable":true,"href":"https:\/\/www.frankfurt-marathon.com\/en\/wp-json\/wp\/v2\/product_brand?post=656659"},{"taxonomy":"product_cat","embeddable":true,"href":"https:\/\/www.frankfurt-marathon.com\/en\/wp-json\/wp\/v2\/product_cat?post=656659"},{"taxonomy":"product_tag","embeddable":true,"href":"https:\/\/www.frankfurt-marathon.com\/en\/wp-json\/wp\/v2\/product_tag?post=656659"},{"taxonomy":"yst_prominent_words","embeddable":true,"href":"https:\/\/www.frankfurt-marathon.com\/en\/wp-json\/wp\/v2\/yst_prominent_words?post=656659"}],"curies":[{"name":"wp","href":"https:\/\/api.w.org\/{rel}","templated":true}]}}