{"id":661975,"date":"2024-08-26T10:37:54","date_gmt":"2024-08-26T08:37:54","guid":{"rendered":"https:\/\/deploy.frankfurt-marathon.com\/?post_type=product&#038;p=661975"},"modified":"2026-02-24T22:35:11","modified_gmt":"2026-02-24T20:35:11","slug":"charity-tasche","status":"publish","type":"product","link":"https:\/\/www.frankfurt-marathon.com\/en\/produkt\/charity-tasche\/","title":{"rendered":"CHARITY-TASCHE"},"content":{"rendered":"<h3><strong>CHARITY-TASCHE <\/strong>OEKO-TEX\u00ae<\/h3>\n<p>Auf die Schulter, fertig, los &#8211; \u201eshopping for last wishes\u201c! Zeig deine Unterst\u00fctzung f\u00fcr das<strong>\u00a0<a href=\"https:\/\/deploy.frankfurt-marathon.com\/charity\/\" target=\"_blank\" rel=\"noopener\">Charity-Projekt \u201eASB-W\u00fcnschewagen\u201c<\/a><\/strong>\u00a0mit dieser praktischen und unverwechselbaren Baumwolltasche mit praktischen Langgriffen und Bodenfalte. Der Reinerl\u00f6s flie\u00dft in die Spendensumme f\u00fcr den <a href=\"https:\/\/www.asb-hessen.de\/marathon\" target=\"_blank\" rel=\"noopener\">W\u00fcnschewagen Rhein-Main<\/a> ein.<\/p>\n<ul>\n<li><strong>Produktdetails:<\/strong>\n<ul>\n<li>OEKO-TEX\u00ae-zertifiziert<\/li>\n<li>100 % Baumwolle<\/li>\n<li>Gr\u00f6\u00dfe: 12 x 43 x 42 cm<\/li>\n<li>Dunkelblau mit wei\u00dfem Print auf der Voderseite<\/li>\n<\/ul>\n<\/li>\n<\/ul>\n<p>&nbsp;<\/p>\n","protected":false},"excerpt":{"rendered":"<p>CHARITY-TASCHE OEKO-TEX\u00ae Auf die Schulter, fertig, los &#8211; \u201eshopping for last wishes\u201c! Zeig deine Unterst\u00fctzung f\u00fcr das\u00a0Charity-Projekt \u201eASB-W\u00fcnschewagen\u201c\u00a0mit dieser praktischen und unverwechselbaren Baumwolltasche mit praktischen Langgriffen und Bodenfalte. Der Reinerl\u00f6s flie\u00dft in die Spendensumme f\u00fcr den W\u00fcnschewagen Rhein-Main ein. Produktdetails: OEKO-TEX\u00ae-zertifiziert 100 % Baumwolle Gr\u00f6\u00dfe: 12 x 43 x 42 cm Dunkelblau mit wei\u00dfem Print <a class=\"moretag\" href=\"https:\/\/www.frankfurt-marathon.com\/en\/produkt\/charity-tasche\/\">ganzen Artikel lesen&#8230;<\/a><\/p>\n","protected":false},"featured_media":662188,"template":"","meta":{"_acf_changed":false},"product_brand":[],"product_cat":[39196,39262],"product_tag":[],"yst_prominent_words":[],"class_list":{"0":"post-661975","1":"product","2":"type-product","3":"status-publish","4":"has-post-thumbnail","6":"product_cat-charity","7":"product_cat-tasche","9":"first","10":"instock","11":"featured","12":"taxable","13":"shipping-taxable","14":"purchasable","15":"product-type-simple"},"acf":[],"_links":{"self":[{"href":"https:\/\/www.frankfurt-marathon.com\/en\/wp-json\/wp\/v2\/product\/661975","targetHints":{"allow":["GET"]}}],"collection":[{"href":"https:\/\/www.frankfurt-marathon.com\/en\/wp-json\/wp\/v2\/product"}],"about":[{"href":"https:\/\/www.frankfurt-marathon.com\/en\/wp-json\/wp\/v2\/types\/product"}],"wp:featuredmedia":[{"embeddable":true,"href":"https:\/\/www.frankfurt-marathon.com\/en\/wp-json\/wp\/v2\/media\/662188"}],"wp:attachment":[{"href":"https:\/\/www.frankfurt-marathon.com\/en\/wp-json\/wp\/v2\/media?parent=661975"}],"wp:term":[{"taxonomy":"product_brand","embeddable":true,"href":"https:\/\/www.frankfurt-marathon.com\/en\/wp-json\/wp\/v2\/product_brand?post=661975"},{"taxonomy":"product_cat","embeddable":true,"href":"https:\/\/www.frankfurt-marathon.com\/en\/wp-json\/wp\/v2\/product_cat?post=661975"},{"taxonomy":"product_tag","embeddable":true,"href":"https:\/\/www.frankfurt-marathon.com\/en\/wp-json\/wp\/v2\/product_tag?post=661975"},{"taxonomy":"yst_prominent_words","embeddable":true,"href":"https:\/\/www.frankfurt-marathon.com\/en\/wp-json\/wp\/v2\/yst_prominent_words?post=661975"}],"curies":[{"name":"wp","href":"https:\/\/api.w.org\/{rel}","templated":true}]}}