{"id":71903,"date":"2017-05-11T15:20:39","date_gmt":"2017-05-11T13:20:39","guid":{"rendered":"http:\/\/deploy.frankfurt-marathon.com\/produkt\/offizielles-buch-des-mainova-frankfurt-marathon-2016\/"},"modified":"2024-02-04T22:43:11","modified_gmt":"2024-02-04T20:43:11","slug":"offizielles-buch-des-mainova-frankfurt-marathon-2016","status":"publish","type":"product","link":"https:\/\/www.frankfurt-marathon.com\/en\/produkt\/offizielles-buch-des-mainova-frankfurt-marathon-2016\/","title":{"rendered":"Offizielles Buch des Mainova Frankfurt Marathon 2016"},"content":{"rendered":"<p>Ein tolles Rennwochenende in all seinen Facetten \u2013 der Freude, dem Schwei\u00df, den Tr\u00e4nen, der Begeisterung \u2013 l\u00e4sst sich auf rund 116 Seiten, gef\u00fcllt mit zahlreichen Geschichten, Zahlen, Fakten, Namen und nat\u00fcrlich vielen hundert Bildern, noch einmal nach- und miterleben. Faszination Marathon pur bei Kaiserwetter!<\/p>\n<p>\u2013 der Mainova Frankfurt Marathon wird auch in diesem Jahr wieder in einem wertigen Bildband dokumentiert.<\/p>\n","protected":false},"excerpt":{"rendered":"<p>Ein tolles Rennwochenende in all seinen Facetten \u2013 der Freude, dem Schwei\u00df, den Tr\u00e4nen, der Begeisterung \u2013 l\u00e4sst sich auf rund 116 Seiten, gef\u00fcllt mit zahlreichen Geschichten, Zahlen, Fakten, Namen und nat\u00fcrlich vielen hundert Bildern, noch einmal nach- und miterleben. Faszination Marathon pur bei Kaiserwetter! \u2013 der Mainova Frankfurt Marathon wird auch in diesem Jahr <a class=\"moretag\" href=\"https:\/\/www.frankfurt-marathon.com\/en\/produkt\/offizielles-buch-des-mainova-frankfurt-marathon-2016\/\">ganzen Artikel lesen&#8230;<\/a><\/p>\n","protected":false},"featured_media":72380,"template":"","meta":{"_acf_changed":false},"product_brand":[],"product_cat":[101],"product_tag":[],"yst_prominent_words":[620],"class_list":{"0":"post-71903","1":"product","2":"type-product","3":"status-publish","4":"has-post-thumbnail","6":"product_cat-buch","7":"product_shipping_class-buch","9":"first","10":"instock","11":"taxable","12":"shipping-taxable","13":"purchasable","14":"product-type-simple"},"acf":[],"_links":{"self":[{"href":"https:\/\/www.frankfurt-marathon.com\/en\/wp-json\/wp\/v2\/product\/71903","targetHints":{"allow":["GET"]}}],"collection":[{"href":"https:\/\/www.frankfurt-marathon.com\/en\/wp-json\/wp\/v2\/product"}],"about":[{"href":"https:\/\/www.frankfurt-marathon.com\/en\/wp-json\/wp\/v2\/types\/product"}],"wp:featuredmedia":[{"embeddable":true,"href":"https:\/\/www.frankfurt-marathon.com\/en\/wp-json\/wp\/v2\/media\/72380"}],"wp:attachment":[{"href":"https:\/\/www.frankfurt-marathon.com\/en\/wp-json\/wp\/v2\/media?parent=71903"}],"wp:term":[{"taxonomy":"product_brand","embeddable":true,"href":"https:\/\/www.frankfurt-marathon.com\/en\/wp-json\/wp\/v2\/product_brand?post=71903"},{"taxonomy":"product_cat","embeddable":true,"href":"https:\/\/www.frankfurt-marathon.com\/en\/wp-json\/wp\/v2\/product_cat?post=71903"},{"taxonomy":"product_tag","embeddable":true,"href":"https:\/\/www.frankfurt-marathon.com\/en\/wp-json\/wp\/v2\/product_tag?post=71903"},{"taxonomy":"yst_prominent_words","embeddable":true,"href":"https:\/\/www.frankfurt-marathon.com\/en\/wp-json\/wp\/v2\/yst_prominent_words?post=71903"}],"curies":[{"name":"wp","href":"https:\/\/api.w.org\/{rel}","templated":true}]}}