{"id":23642,"date":"2016-09-14T10:51:54","date_gmt":"2016-09-14T08:51:54","guid":{"rendered":"http:\/\/deploy.frankfurt-marathon.com\/fr\/dein-lauf\/"},"modified":"2018-11-05T11:31:13","modified_gmt":"2018-11-05T09:31:13","slug":"course","status":"publish","type":"page","link":"https:\/\/www.frankfurt-marathon.com\/fr\/course\/","title":{"rendered":"Course"},"content":{"rendered":"<div class=\"wpb-content-wrapper\"><p>[vc_row][vc_column][\/vc_column][\/vc_row][vc_row full_width=\u00a0\u00bbstretch_row_content_no_spaces\u00a0\u00bb][vc_column][dhsv_vc_header bgimage=\u00a0\u00bb2280&Prime; height=\u00a0\u00bblarge\u00a0\u00bb headline=\u00a0\u00bbSonntag, 27. Oktober 2019&Prime; subline=\u00a0\u00bb10:00 Uhr\u00a0\u00bb][\/dhsv_vc_header][\/vc_column][\/vc_row][vc_row][vc_column width=\u00a0\u00bb2\/3&Prime;][dhsv_vc_headline_subline headline=\u00a0\u00bbeiner der besten marathons\u00a0\u00bb subline=\u00a0\u00bb42195 Meter durch Frankfurt\u00a0\u00bb][dhsv_vc_breakup text=\u00a0\u00bb38. Mainova Frankfurt Marathon | 27. Oktober 2019 | Frankfurt am Main\u00a0\u00bb][vc_column_text]Alle Teilnehmer erhalten eine Startnummer! Alle diejenigen, welche sich bis zum Meldeschluss angemeldet haben, bekommen eine pers\u00f6nliche Startnummer mit ihrem Vornamen. Die Startnummernausgabe befindet sich in der Halle 1.2 auf dem Gel\u00e4nde der Messe Frankfurt und ist zu folgenden Zeiten ge\u00f6ffnet:<\/p>\n<p>Freitag, 25. Oktober 2019, 12:00 bis 19:00 Uhr<\/p>\n<p>Samstag, 26. Oktober 2019, 10:00 Uhr bis 19:00 Uhr<\/p>\n<p>Sonntag, 27. Oktober 2019, 07:00 Uhr bis 09:30 Uhr[\/vc_column_text][vc_empty_space][\/vc_column][vc_column width=\u00a0\u00bb1\/3&Prime;][\/vc_column][\/vc_row]<\/p>\n<\/div>","protected":false},"excerpt":{"rendered":"<p>[vc_row][vc_column][\/vc_column][\/vc_row][vc_row full_width=\u00a0\u00bbstretch_row_content_no_spaces\u00a0\u00bb][vc_column][dhsv_vc_header bgimage=\u00a0\u00bb2280&Prime; height=\u00a0\u00bblarge\u00a0\u00bb headline=\u00a0\u00bbSonntag, 27. Oktober 2019&Prime; subline=\u00a0\u00bb10:00 Uhr\u00a0\u00bb][\/dhsv_vc_header][\/vc_column][\/vc_row][vc_row][vc_column width=\u00a0\u00bb2\/3&Prime;][dhsv_vc_headline_subline headline=\u00a0\u00bbeiner der besten marathons\u00a0\u00bb subline=\u00a0\u00bb42195 Meter durch Frankfurt\u00a0\u00bb][dhsv_vc_breakup text=\u00a0\u00bb38. Mainova Frankfurt Marathon | 27. Oktober 2019 | Frankfurt am Main\u00a0\u00bb][vc_column_text]Alle Teilnehmer erhalten eine Startnummer! Alle diejenigen, welche sich bis zum Meldeschluss angemeldet haben, bekommen eine pers\u00f6nliche Startnummer mit ihrem Vornamen. Die Startnummernausgabe befindet sich <a class=\"moretag\" href=\"https:\/\/www.frankfurt-marathon.com\/fr\/course\/\">ganzen Artikel lesen&#8230;<\/a><\/p>\n","protected":false},"author":5,"featured_media":0,"parent":0,"menu_order":13,"comment_status":"closed","ping_status":"closed","template":"","meta":{"_acf_changed":false,"footnotes":""},"yst_prominent_words":[12053,25025,863,27992,2420],"class_list":["post-23642","page","type-page","status-publish","hentry"],"acf":[],"_links":{"self":[{"href":"https:\/\/www.frankfurt-marathon.com\/fr\/wp-json\/wp\/v2\/pages\/23642","targetHints":{"allow":["GET"]}}],"collection":[{"href":"https:\/\/www.frankfurt-marathon.com\/fr\/wp-json\/wp\/v2\/pages"}],"about":[{"href":"https:\/\/www.frankfurt-marathon.com\/fr\/wp-json\/wp\/v2\/types\/page"}],"author":[{"embeddable":true,"href":"https:\/\/www.frankfurt-marathon.com\/fr\/wp-json\/wp\/v2\/users\/5"}],"replies":[{"embeddable":true,"href":"https:\/\/www.frankfurt-marathon.com\/fr\/wp-json\/wp\/v2\/comments?post=23642"}],"version-history":[{"count":4,"href":"https:\/\/www.frankfurt-marathon.com\/fr\/wp-json\/wp\/v2\/pages\/23642\/revisions"}],"predecessor-version":[{"id":304688,"href":"https:\/\/www.frankfurt-marathon.com\/fr\/wp-json\/wp\/v2\/pages\/23642\/revisions\/304688"}],"wp:attachment":[{"href":"https:\/\/www.frankfurt-marathon.com\/fr\/wp-json\/wp\/v2\/media?parent=23642"}],"wp:term":[{"taxonomy":"yst_prominent_words","embeddable":true,"href":"https:\/\/www.frankfurt-marathon.com\/fr\/wp-json\/wp\/v2\/yst_prominent_words?post=23642"}],"curies":[{"name":"wp","href":"https:\/\/api.w.org\/{rel}","templated":true}]}}