{"id":23942,"date":"2016-09-14T10:08:00","date_gmt":"2016-09-14T08:08:00","guid":{"rendered":"http:\/\/deploy.frankfurt-marathon.com\/fr\/course\/marathon\/strecke\/"},"modified":"2023-11-28T18:05:34","modified_gmt":"2023-11-28T16:05:34","slug":"parcours","status":"publish","type":"page","link":"https:\/\/www.frankfurt-marathon.com\/fr\/course\/marathon\/parcours\/","title":{"rendered":"Parcours"},"content":{"rendered":"<div class=\"wpb-content-wrapper\"><p>[vc_row full_width=\u00a0\u00bbstretch_row_content_no_spaces\u00a0\u00bb][vc_column][dhsv_vc_header bgimage=\u00a0\u00bb654544&Prime; headline=\u00a0\u00bbDimanche, 27 Octobre 2024&Prime; subline=\u00a0\u00bb10:00 heures\u00a0\u00bb][dhsv_vc_menu_list anzeigeart=\u00a0\u00bbshow_level\u00a0\u00bb menu_id=\u00a0\u00bb15&Prime;][\/dhsv_vc_header][\/vc_column][\/vc_row][vc_row][vc_column width=\u00a0\u00bb2\/3&Prime;][vc_empty_space height=\u00a0\u00bb15px\u00a0\u00bb][dhsv_vc_headline_subline headline=\u00a0\u00bbDimanche, le 27 Octobre 2024&Prime; subline=\u00a0\u00bbMainova Frankfurt Marathon\u00a0\u00bb][vc_empty_space height=\u00a0\u00bb15px\u00a0\u00bb][vc_column_text]Parcours: vite et plat!Le parcours invite \u00e0 courir ais\u00e9ment ainsi que vite et a abouti l\u2019ann\u00e9e derni\u00e8re si bien chez les hommes que chez les femmes \u00e0 des nouveaux records \u2013 il montre une diff\u00e9rence de niveau total de seulement 20 m\u00e8tres, qui se r\u00e9partit sur un trajet de 42195 m\u00e8tres. Le parcours s\u2019\u00e9troit sur un circuit des deux c\u00f4t\u00e9s du Main, servant plusieurs quartiers de Francfort.Le Kenyiain Wilson Kipsang a r\u00e9alis\u00e9 en 2011 un temps de 2:03:42 ; nouveau record. Avec ce record, le troisi\u00e8me meilleur temps de tous les marathons courus jusqu\u2018\u00e0 ce jour, le Marathon de de Francfort s\u2018est positionn\u00e9 en t\u00eate des records mondiaux. O\u00f9 de tels Chronos sont possibles, aussi vous courez votre meilleur temps personnel![\/vc_column_text][vc_empty_space][dhsv_vc_template_part post_id=\u00a0\u00bb21674&Prime;][vc_empty_space][vc_tta_accordion shape=\u00a0\u00bbsquare\u00a0\u00bb color=\u00a0\u00bbwhite\u00a0\u00bb c_icon=\u00a0\u00bbchevron\u00a0\u00bb c_position=\u00a0\u00bbright\u00a0\u00bb active_section=\u00a0\u00bb99999&Prime; collapsible_all=\u00a0\u00bbtrue\u00a0\u00bb][vc_tta_section title=\u00a0\u00bbPlan du parcours\u00a0\u00bb tab_id=\u00a0\u00bb1473848396936-65a4852e-ec40&Prime;][vc_column_text]<a href=\"http:\/\/www.frankfurt-marathon.com\/wp-content\/uploads\/Mainova-Frankfurt-Marathon_Pdf_MFFM_Strecke_2019_-22.pdf\">Plan du parcours <\/a>(PDF)[\/vc_column_text][\/vc_tta_section][\/vc_tta_accordion][vc_empty_space height=\u00a0\u00bb30px\u00a0\u00bb][\/vc_column][vc_column width=\u00a0\u00bb1\/3&Prime;][dhsv_vc_teaserbox title=\u00a0\u00bbParcours highlights\u00a0\u00bb image=\u00a0\u00bb8291&Prime; link=\u00a0\u00bburl:https%3A%2F%2Fwww.frankfurt-marathon.com%2Fen%2Fprogram%2Ffestivities%2Fhighlights%2F||target:%20_blank|\u00a0\u00bb][\/vc_column][\/vc_row]<\/p>\n<\/div>","protected":false},"excerpt":{"rendered":"<p>[vc_row full_width=\u00a0\u00bbstretch_row_content_no_spaces\u00a0\u00bb][vc_column][dhsv_vc_header bgimage=\u00a0\u00bb654544&Prime; headline=\u00a0\u00bbDimanche, 27 Octobre 2024&Prime; subline=\u00a0\u00bb10:00 heures\u00a0\u00bb][dhsv_vc_menu_list anzeigeart=\u00a0\u00bbshow_level\u00a0\u00bb menu_id=\u00a0\u00bb15&Prime;][\/dhsv_vc_header][\/vc_column][\/vc_row][vc_row][vc_column width=\u00a0\u00bb2\/3&Prime;][vc_empty_space height=\u00a0\u00bb15px\u00a0\u00bb][dhsv_vc_headline_subline headline=\u00a0\u00bbDimanche, le 27 Octobre 2024&Prime; subline=\u00a0\u00bbMainova Frankfurt Marathon\u00a0\u00bb][vc_empty_space height=\u00a0\u00bb15px\u00a0\u00bb][vc_column_text]Parcours: vite et plat!Le parcours invite \u00e0 courir ais\u00e9ment ainsi que vite et a abouti l\u2019ann\u00e9e derni\u00e8re si bien chez les hommes que chez les femmes \u00e0 des nouveaux records \u2013 il montre une <a class=\"moretag\" href=\"https:\/\/www.frankfurt-marathon.com\/fr\/course\/marathon\/parcours\/\">ganzen Artikel lesen&#8230;<\/a><\/p>\n","protected":false},"author":5,"featured_media":0,"parent":23675,"menu_order":8,"comment_status":"closed","ping_status":"closed","template":"","meta":{"_acf_changed":false,"footnotes":""},"yst_prominent_words":[17096,4214,16967,17102,17087,12137,4205,17078,4247,4292,4259,17093,4283,17099,4223,17084,4235,17066,4271,4193],"class_list":["post-23942","page","type-page","status-publish","hentry"],"acf":[],"_links":{"self":[{"href":"https:\/\/www.frankfurt-marathon.com\/fr\/wp-json\/wp\/v2\/pages\/23942","targetHints":{"allow":["GET"]}}],"collection":[{"href":"https:\/\/www.frankfurt-marathon.com\/fr\/wp-json\/wp\/v2\/pages"}],"about":[{"href":"https:\/\/www.frankfurt-marathon.com\/fr\/wp-json\/wp\/v2\/types\/page"}],"author":[{"embeddable":true,"href":"https:\/\/www.frankfurt-marathon.com\/fr\/wp-json\/wp\/v2\/users\/5"}],"replies":[{"embeddable":true,"href":"https:\/\/www.frankfurt-marathon.com\/fr\/wp-json\/wp\/v2\/comments?post=23942"}],"version-history":[{"count":5,"href":"https:\/\/www.frankfurt-marathon.com\/fr\/wp-json\/wp\/v2\/pages\/23942\/revisions"}],"predecessor-version":[{"id":657439,"href":"https:\/\/www.frankfurt-marathon.com\/fr\/wp-json\/wp\/v2\/pages\/23942\/revisions\/657439"}],"up":[{"embeddable":true,"href":"https:\/\/www.frankfurt-marathon.com\/fr\/wp-json\/wp\/v2\/pages\/23675"}],"wp:attachment":[{"href":"https:\/\/www.frankfurt-marathon.com\/fr\/wp-json\/wp\/v2\/media?parent=23942"}],"wp:term":[{"taxonomy":"yst_prominent_words","embeddable":true,"href":"https:\/\/www.frankfurt-marathon.com\/fr\/wp-json\/wp\/v2\/yst_prominent_words?post=23942"}],"curies":[{"name":"wp","href":"https:\/\/api.w.org\/{rel}","templated":true}]}}