{"id":24266,"date":"2016-09-14T10:14:08","date_gmt":"2016-09-14T08:14:08","guid":{"rendered":"http:\/\/deploy.frankfurt-marathon.com\/fr\/program\/toscana-pasta-party\/"},"modified":"2025-01-27T17:32:01","modified_gmt":"2025-01-27T15:32:01","slug":"toscana-pasta-party","status":"publish","type":"page","link":"https:\/\/www.frankfurt-marathon.com\/fr\/program\/toscana-pasta-party\/","title":{"rendered":"Pasta Party"},"content":{"rendered":"<div class=\"wpb-content-wrapper\"><p>[vc_row full_width=\u00a0\u00bbstretch_row_content_no_spaces\u00a0\u00bb][vc_column][dhsv_vc_header bgimage=\u00a0\u00bb654913&Prime; headline=\u00a0\u00bbSamedi, le 25 Octobre 2025&Prime; subline=\u00a0\u00bb13.30- 19 heures\u00a0\u00bb][dhsv_vc_menu_list menu_id=\u00a0\u00bb15&Prime;][\/dhsv_vc_header][\/vc_column][\/vc_row][vc_row][vc_column width=\u00a0\u00bb2\/3&Prime;][vc_empty_space height=\u00a0\u00bb15px\u00a0\u00bb][dhsv_vc_headline_subline headline=\u00a0\u00bbFattoria La Vialla\u00a0\u00bb subline=\u00a0\u00bb\u2013 Toscana Pasta Party\u00a0\u00bb][vc_empty_space height=\u00a0\u00bb15px\u00a0\u00bb][vc_column_text]Elle\u00a0 aura\u00a0 lieu\u00a0 samedi \u00e0\u00a0 partir\u00a0 de\u00a0 13:30 jusqu\u2019\u00e0 19 :00 dans la salle des f\u00eates. Avec les bons sur ton dossard, tu re\u00e7ois des nouilles avec des sauces diff\u00e9rentes ainsi\u00a0 des\u00a0 boissons\u00a0 de\u00a0 Rosbacher\u00a0 et Krombacher.\u00a0 Pour\u00a0 les\u00a0 personnes\u00a0 accompagnantes\u00a0 il\u00a0 y\u00a0 a\u00a0 la\u00a0 possibilit\u00e9\u00a0 d\u2019acheter\u00a0 des\u00a0 bons\u00a0 pour\u00a0 des\u00a0 nouilles\u00a0 avec\u00a0 ou\u00a0 sans\u00a0 boissons. Nous off rons des animations \u00e0 partir de 14:00 jusqu\u2019\u00e0 17:00 heures.[\/vc_column_text][vc_empty_space][\/vc_column][vc_column width=\u00a0\u00bb1\/3&Prime;][\/vc_column][\/vc_row]<\/p>\n<\/div>","protected":false},"excerpt":{"rendered":"<p>[vc_row full_width=\u00a0\u00bbstretch_row_content_no_spaces\u00a0\u00bb][vc_column][dhsv_vc_header bgimage=\u00a0\u00bb654913&Prime; headline=\u00a0\u00bbSamedi, le 25 Octobre 2025&Prime; subline=\u00a0\u00bb13.30- 19 heures\u00a0\u00bb][dhsv_vc_menu_list menu_id=\u00a0\u00bb15&Prime;][\/dhsv_vc_header][\/vc_column][\/vc_row][vc_row][vc_column width=\u00a0\u00bb2\/3&Prime;][vc_empty_space height=\u00a0\u00bb15px\u00a0\u00bb][dhsv_vc_headline_subline headline=\u00a0\u00bbFattoria La Vialla\u00a0\u00bb subline=\u00a0\u00bb\u2013 Toscana Pasta Party\u00a0\u00bb][vc_empty_space height=\u00a0\u00bb15px\u00a0\u00bb][vc_column_text]Elle\u00a0 aura\u00a0 lieu\u00a0 samedi \u00e0\u00a0 partir\u00a0 de\u00a0 13:30 jusqu\u2019\u00e0 19 :00 dans la salle des f\u00eates. Avec les bons sur ton dossard, tu re\u00e7ois des nouilles avec des sauces diff\u00e9rentes ainsi\u00a0 des\u00a0 boissons\u00a0 de\u00a0 <a class=\"moretag\" href=\"https:\/\/www.frankfurt-marathon.com\/fr\/program\/toscana-pasta-party\/\">ganzen Artikel lesen&#8230;<\/a><\/p>\n","protected":false},"author":5,"featured_media":0,"parent":24251,"menu_order":41,"comment_status":"closed","ping_status":"closed","template":"","meta":{"_acf_changed":false,"footnotes":""},"yst_prominent_words":[4382,4409,17144,16967,4394,16142,17078,4400,4379,4385,4376,17153],"class_list":["post-24266","page","type-page","status-publish","hentry"],"acf":[],"_links":{"self":[{"href":"https:\/\/www.frankfurt-marathon.com\/fr\/wp-json\/wp\/v2\/pages\/24266","targetHints":{"allow":["GET"]}}],"collection":[{"href":"https:\/\/www.frankfurt-marathon.com\/fr\/wp-json\/wp\/v2\/pages"}],"about":[{"href":"https:\/\/www.frankfurt-marathon.com\/fr\/wp-json\/wp\/v2\/types\/page"}],"author":[{"embeddable":true,"href":"https:\/\/www.frankfurt-marathon.com\/fr\/wp-json\/wp\/v2\/users\/5"}],"replies":[{"embeddable":true,"href":"https:\/\/www.frankfurt-marathon.com\/fr\/wp-json\/wp\/v2\/comments?post=24266"}],"version-history":[{"count":5,"href":"https:\/\/www.frankfurt-marathon.com\/fr\/wp-json\/wp\/v2\/pages\/24266\/revisions"}],"predecessor-version":[{"id":669865,"href":"https:\/\/www.frankfurt-marathon.com\/fr\/wp-json\/wp\/v2\/pages\/24266\/revisions\/669865"}],"up":[{"embeddable":true,"href":"https:\/\/www.frankfurt-marathon.com\/fr\/wp-json\/wp\/v2\/pages\/24251"}],"wp:attachment":[{"href":"https:\/\/www.frankfurt-marathon.com\/fr\/wp-json\/wp\/v2\/media?parent=24266"}],"wp:term":[{"taxonomy":"yst_prominent_words","embeddable":true,"href":"https:\/\/www.frankfurt-marathon.com\/fr\/wp-json\/wp\/v2\/yst_prominent_words?post=24266"}],"curies":[{"name":"wp","href":"https:\/\/api.w.org\/{rel}","templated":true}]}}