{"id":375617,"date":"2019-04-29T10:02:58","date_gmt":"2019-04-29T08:02:58","guid":{"rendered":"http:\/\/deploy.frankfurt-marathon.com\/?post_type=product&#038;p=375617"},"modified":"2024-12-11T11:54:52","modified_gmt":"2024-12-11T09:54:52","slug":"offizielles-buch-des-mainova-frankfurt-marathon-2018","status":"publish","type":"product","link":"https:\/\/www.frankfurt-marathon.com\/ja\/produkt\/offizielles-buch-des-mainova-frankfurt-marathon-2018\/","title":{"rendered":"Offizielles Buch des Mainova Frankfurt Marathon 2018"},"content":{"rendered":"<p>Faszination Marathon in hunderten Bildern- Breitensport und Spitzensport beim Mainova Frankfurt Marathon mit vielen tausend Siegerinnen und Siegern; leuchtende Kinderaugen beim Schneider Electric Mini-Marathon und Struwwelpeter-Lauf powered by Schneider Electric, fr\u00f6hliche Gesichter beim Brezellauf powered by interAir oder beim Generali Staffelmarathon, zufriedene Besucher der Marathonmall, begeisterte Zuschauer und stimmungsgeladene Atmosph\u00e4re an der Strecke. Schmerzen und Rekorde alles, was zu einem gro\u00dfen Sportevent dazugeh\u00f6rt: der Mainova Frankfurt Marathon 2018 in emotionalen Bildern, die Geschichten erz\u00e4hlen! Auf \u00fcber 100 Seiten kannst Du den Marathon noch einmal nach- und miterleben.<\/p>\n<p>&nbsp;<\/p>\n","protected":false},"excerpt":{"rendered":"<p>Faszination Marathon in hunderten Bildern- Breitensport und Spitzensport beim Mainova Frankfurt Marathon mit v <a class=\"moretag\" href=\"https:\/\/www.frankfurt-marathon.com\/ja\/produkt\/offizielles-buch-des-mainova-frankfurt-marathon-2018\/\">ganzen Artikel lesen&#8230;<\/a><\/p>\n","protected":false},"featured_media":375668,"template":"","meta":{"_acf_changed":false},"product_brand":[],"product_cat":[101],"product_tag":[],"yst_prominent_words":[20891,11405,2168,617,608,1343,605,584,620,2162,4472,2165,2159],"class_list":{"0":"post-375617","1":"product","2":"type-product","3":"status-publish","4":"has-post-thumbnail","6":"product_cat-buch","7":"product_shipping_class-buch","9":"first","10":"instock","11":"taxable","12":"shipping-taxable","13":"purchasable","14":"product-type-simple"},"acf":[],"_links":{"self":[{"href":"https:\/\/www.frankfurt-marathon.com\/ja\/wp-json\/wp\/v2\/product\/375617","targetHints":{"allow":["GET"]}}],"collection":[{"href":"https:\/\/www.frankfurt-marathon.com\/ja\/wp-json\/wp\/v2\/product"}],"about":[{"href":"https:\/\/www.frankfurt-marathon.com\/ja\/wp-json\/wp\/v2\/types\/product"}],"wp:featuredmedia":[{"embeddable":true,"href":"https:\/\/www.frankfurt-marathon.com\/ja\/wp-json\/wp\/v2\/media\/375668"}],"wp:attachment":[{"href":"https:\/\/www.frankfurt-marathon.com\/ja\/wp-json\/wp\/v2\/media?parent=375617"}],"wp:term":[{"taxonomy":"product_brand","embeddable":true,"href":"https:\/\/www.frankfurt-marathon.com\/ja\/wp-json\/wp\/v2\/product_brand?post=375617"},{"taxonomy":"product_cat","embeddable":true,"href":"https:\/\/www.frankfurt-marathon.com\/ja\/wp-json\/wp\/v2\/product_cat?post=375617"},{"taxonomy":"product_tag","embeddable":true,"href":"https:\/\/www.frankfurt-marathon.com\/ja\/wp-json\/wp\/v2\/product_tag?post=375617"},{"taxonomy":"yst_prominent_words","embeddable":true,"href":"https:\/\/www.frankfurt-marathon.com\/ja\/wp-json\/wp\/v2\/yst_prominent_words?post=375617"}],"curies":[{"name":"wp","href":"https:\/\/api.w.org\/{rel}","templated":true}]}}