{"id":4297,"date":"2016-09-27T10:37:24","date_gmt":"2016-09-27T08:37:24","guid":{"rendered":"http:\/\/dev.360vier.de\/FFM001\/?post_type=product&#038;p=4297"},"modified":"2023-11-30T16:42:17","modified_gmt":"2023-11-30T14:42:17","slug":"offizielles-buch-des-bmw-frankfurt-marathon-2011","status":"publish","type":"product","link":"https:\/\/www.frankfurt-marathon.com\/ja\/produkt\/offizielles-buch-des-bmw-frankfurt-marathon-2011\/","title":{"rendered":"Offizielles Buch des BMW Frankfurt Marathon 2011"},"content":{"rendered":"<p>Internationaler Spitzensport, Breitensport, Struwwelpeterlauf, Brezellauf, Mini-Marathon, VGF-Staffelmarathon, Marathonmall, Sportgespr\u00e4ch &#8211; der BMW Frankfurt Marathon lieferte\u00a0auch\u00a0bei seiner Jubil\u00e4umsausgabe\u00a0wieder tausende Bilder und ebenso viele Geschichten.Und auch der Buchautor und Sportjournalist Steffen Gerth greift wie im Vorjahr zur Feder, schreibt alles zun\u00e4chst in seinen Block und sp\u00e4ter in seinen Computer, mit Fotos dokumentieren\u00a0 die renommierten Sportfotografen Norbert Wilhelmi, Victah Sailer, Erich Francois und Michael Kretzer das sportliche Gro\u00dfereignis in der B\u00f6rsenmetropole ausdrucksvoll dokumentiert. Zusammengenommen, geordnet und aufw\u00e4ndig gestaltet wird demn\u00e4chst das offizielle Buch zum BMW Frankfurt Marathon erscheinen.<\/p>\n<p>Ein Dokument mit etwa\u00a0120 Seiten G\u00e4nsehaut-Feeling\u00a0zum nochmaligem Miterleben f\u00fcr alle Fans des \u00e4ltesten deutschen Stadtmarathons und solche, die es werden wollen.<\/p>\n","protected":false},"excerpt":{"rendered":"<p>Internationaler Spitzensport, Breitensport, Struwwelpeterlauf, Brezellauf, Mini-Marathon, VGF-Staffelmarathon, <a class=\"moretag\" href=\"https:\/\/www.frankfurt-marathon.com\/ja\/produkt\/offizielles-buch-des-bmw-frankfurt-marathon-2011\/\">ganzen Artikel lesen&#8230;<\/a><\/p>\n","protected":false},"featured_media":4988,"template":"","meta":{"_acf_changed":false},"product_brand":[],"product_cat":[101],"product_tag":[],"yst_prominent_words":[10556,16838,16835,617,608,620,3755],"class_list":{"0":"post-4297","1":"product","2":"type-product","3":"status-publish","4":"has-post-thumbnail","6":"product_cat-buch","7":"product_shipping_class-buch","9":"first","10":"instock","11":"taxable","12":"shipping-taxable","13":"purchasable","14":"product-type-simple"},"acf":[],"_links":{"self":[{"href":"https:\/\/www.frankfurt-marathon.com\/ja\/wp-json\/wp\/v2\/product\/4297","targetHints":{"allow":["GET"]}}],"collection":[{"href":"https:\/\/www.frankfurt-marathon.com\/ja\/wp-json\/wp\/v2\/product"}],"about":[{"href":"https:\/\/www.frankfurt-marathon.com\/ja\/wp-json\/wp\/v2\/types\/product"}],"wp:featuredmedia":[{"embeddable":true,"href":"https:\/\/www.frankfurt-marathon.com\/ja\/wp-json\/wp\/v2\/media\/4988"}],"wp:attachment":[{"href":"https:\/\/www.frankfurt-marathon.com\/ja\/wp-json\/wp\/v2\/media?parent=4297"}],"wp:term":[{"taxonomy":"product_brand","embeddable":true,"href":"https:\/\/www.frankfurt-marathon.com\/ja\/wp-json\/wp\/v2\/product_brand?post=4297"},{"taxonomy":"product_cat","embeddable":true,"href":"https:\/\/www.frankfurt-marathon.com\/ja\/wp-json\/wp\/v2\/product_cat?post=4297"},{"taxonomy":"product_tag","embeddable":true,"href":"https:\/\/www.frankfurt-marathon.com\/ja\/wp-json\/wp\/v2\/product_tag?post=4297"},{"taxonomy":"yst_prominent_words","embeddable":true,"href":"https:\/\/www.frankfurt-marathon.com\/ja\/wp-json\/wp\/v2\/yst_prominent_words?post=4297"}],"curies":[{"name":"wp","href":"https:\/\/api.w.org\/{rel}","templated":true}]}}