{"id":4303,"date":"2016-09-27T10:48:00","date_gmt":"2016-09-27T08:48:00","guid":{"rendered":"http:\/\/dev.360vier.de\/FFM001\/?post_type=product&#038;p=4303"},"modified":"2026-01-16T15:54:25","modified_gmt":"2026-01-16T13:54:25","slug":"offizielles-buch-des-frankfurt-marathon-2008","status":"publish","type":"product","link":"https:\/\/www.frankfurt-marathon.com\/ja\/produkt\/offizielles-buch-des-frankfurt-marathon-2008\/","title":{"rendered":"Offizielles Buch des Frankfurt Marathon 2008"},"content":{"rendered":"<p>Das offizielle Buch zum 27. Dresdner Kleinwort Frankfurt Marathon 2008 beinhaltet:<\/p>\n<p>Tausend Geschichten, viele Blicke hinter die Kulissen, Zahlen, Fakten, Namen und\u00a0fast\u00a0400 Fotos \u2013 all dies ist im Buch zum Dresdner Kleinwort Frankfurt Marathon 2008 enthalten. Ein Dokument zum Nach- und nochmaligem Miterleben f\u00fcr alle Fans des \u00e4ltesten deutschen Stadtmarathons und solche, die es werden wollen. Freude, Schwei\u00df, Tr\u00e4nen, Begeisterung oder einfach nur die pure Lust am Laufen \u00fcber 42,195 Kilometer;\u00a0 auf 128 Farbseiten haben der renommierte Sportjournalist Steffen Gerth sowie ein halbes Dutzend Fotografen alles zusammengetragen, was am gro\u00dfen Rekord-Rennwochenende vom 24. bis 26. Oktober 2008\u00a0relevant gewesen ist.<\/p>\n<p>Das Marathonbuch Frankfurt 2008: 128 Farbseiten mit fast\u00a0400 Bildern, Format: 23,5 x 33 cm, Hardcover, Fadenheftung<\/p>\n","protected":false},"excerpt":{"rendered":"<p>Das offizielle Buch zum 27. Dresdner Kleinwort Frankfurt Marathon 2008 beinhaltet: Tausend Geschichten, viele  <a class=\"moretag\" href=\"https:\/\/www.frankfurt-marathon.com\/ja\/produkt\/offizielles-buch-des-frankfurt-marathon-2008\/\">ganzen Artikel lesen&#8230;<\/a><\/p>\n","protected":false},"featured_media":4979,"template":"","meta":{"_acf_changed":false},"product_brand":[],"product_cat":[101],"product_tag":[],"yst_prominent_words":[],"class_list":{"0":"post-4303","1":"product","2":"type-product","3":"status-publish","4":"has-post-thumbnail","6":"product_cat-buch","7":"product_shipping_class-buch","9":"first","10":"instock","11":"taxable","12":"shipping-taxable","13":"purchasable","14":"product-type-simple"},"acf":[],"_links":{"self":[{"href":"https:\/\/www.frankfurt-marathon.com\/ja\/wp-json\/wp\/v2\/product\/4303","targetHints":{"allow":["GET"]}}],"collection":[{"href":"https:\/\/www.frankfurt-marathon.com\/ja\/wp-json\/wp\/v2\/product"}],"about":[{"href":"https:\/\/www.frankfurt-marathon.com\/ja\/wp-json\/wp\/v2\/types\/product"}],"wp:featuredmedia":[{"embeddable":true,"href":"https:\/\/www.frankfurt-marathon.com\/ja\/wp-json\/wp\/v2\/media\/4979"}],"wp:attachment":[{"href":"https:\/\/www.frankfurt-marathon.com\/ja\/wp-json\/wp\/v2\/media?parent=4303"}],"wp:term":[{"taxonomy":"product_brand","embeddable":true,"href":"https:\/\/www.frankfurt-marathon.com\/ja\/wp-json\/wp\/v2\/product_brand?post=4303"},{"taxonomy":"product_cat","embeddable":true,"href":"https:\/\/www.frankfurt-marathon.com\/ja\/wp-json\/wp\/v2\/product_cat?post=4303"},{"taxonomy":"product_tag","embeddable":true,"href":"https:\/\/www.frankfurt-marathon.com\/ja\/wp-json\/wp\/v2\/product_tag?post=4303"},{"taxonomy":"yst_prominent_words","embeddable":true,"href":"https:\/\/www.frankfurt-marathon.com\/ja\/wp-json\/wp\/v2\/yst_prominent_words?post=4303"}],"curies":[{"name":"wp","href":"https:\/\/api.w.org\/{rel}","templated":true}]}}