{"id":4309,"date":"2016-09-27T10:52:02","date_gmt":"2016-09-27T08:52:02","guid":{"rendered":"http:\/\/dev.360vier.de\/FFM001\/?post_type=product&#038;p=4309"},"modified":"2023-11-30T16:39:35","modified_gmt":"2023-11-30T14:39:35","slug":"offizielles-buch-des-frankfurt-marathon-2006","status":"publish","type":"product","link":"https:\/\/www.frankfurt-marathon.com\/ja\/produkt\/offizielles-buch-des-frankfurt-marathon-2006\/","title":{"rendered":"Offizielles Buch des Frankfurt Marathon 2006"},"content":{"rendered":"<p>Ein Marathonlauf erz\u00e4hlt tausende Geschichten, bietet ebenso viele Bilder. Auf 150 Seiten wird nicht nur \u00fcber das Rennen 2006 berichtet, sondern auch \u00fcber den Start des \u00e4ltesten Stadtmarathons in Deutschland.<\/p>\n","protected":false},"excerpt":{"rendered":"<p>Ein Marathonlauf erz\u00e4hlt tausende Geschichten, bietet ebenso viele Bilder. Auf 150 Seiten wird nicht nur \u00fcber  <a class=\"moretag\" href=\"https:\/\/www.frankfurt-marathon.com\/ja\/produkt\/offizielles-buch-des-frankfurt-marathon-2006\/\">ganzen Artikel lesen&#8230;<\/a><\/p>\n","protected":false},"featured_media":4973,"template":"","meta":{"_acf_changed":false},"product_brand":[],"product_cat":[101],"product_tag":[],"yst_prominent_words":[],"class_list":{"0":"post-4309","1":"product","2":"type-product","3":"status-publish","4":"has-post-thumbnail","6":"product_cat-buch","7":"product_shipping_class-buch","9":"first","10":"instock","11":"taxable","12":"shipping-taxable","13":"purchasable","14":"product-type-simple"},"acf":[],"_links":{"self":[{"href":"https:\/\/www.frankfurt-marathon.com\/ja\/wp-json\/wp\/v2\/product\/4309","targetHints":{"allow":["GET"]}}],"collection":[{"href":"https:\/\/www.frankfurt-marathon.com\/ja\/wp-json\/wp\/v2\/product"}],"about":[{"href":"https:\/\/www.frankfurt-marathon.com\/ja\/wp-json\/wp\/v2\/types\/product"}],"wp:featuredmedia":[{"embeddable":true,"href":"https:\/\/www.frankfurt-marathon.com\/ja\/wp-json\/wp\/v2\/media\/4973"}],"wp:attachment":[{"href":"https:\/\/www.frankfurt-marathon.com\/ja\/wp-json\/wp\/v2\/media?parent=4309"}],"wp:term":[{"taxonomy":"product_brand","embeddable":true,"href":"https:\/\/www.frankfurt-marathon.com\/ja\/wp-json\/wp\/v2\/product_brand?post=4309"},{"taxonomy":"product_cat","embeddable":true,"href":"https:\/\/www.frankfurt-marathon.com\/ja\/wp-json\/wp\/v2\/product_cat?post=4309"},{"taxonomy":"product_tag","embeddable":true,"href":"https:\/\/www.frankfurt-marathon.com\/ja\/wp-json\/wp\/v2\/product_tag?post=4309"},{"taxonomy":"yst_prominent_words","embeddable":true,"href":"https:\/\/www.frankfurt-marathon.com\/ja\/wp-json\/wp\/v2\/yst_prominent_words?post=4309"}],"curies":[{"name":"wp","href":"https:\/\/api.w.org\/{rel}","templated":true}]}}