{"id":640792,"date":"2023-03-15T16:02:11","date_gmt":"2023-03-15T14:02:11","guid":{"rendered":"https:\/\/deploy.frankfurt-marathon.com\/?post_type=product&#038;p=640792"},"modified":"2024-12-11T11:52:27","modified_gmt":"2024-12-11T09:52:27","slug":"offizielles-buch-des-mainova-frankfurt-marathon-2022","status":"publish","type":"product","link":"https:\/\/www.frankfurt-marathon.com\/ja\/produkt\/offizielles-buch-des-mainova-frankfurt-marathon-2022\/","title":{"rendered":"Offizielles Buch des Mainova Frankfurt Marathon 2022"},"content":{"rendered":"<p>Faszination Marathon in hunderten Bildern &#8211; Breitensport und Spitzensport beim Mainova Frankfurt Marathon 2022 mit vielen Siegerinnen und Siegern; leuchtende Kinderaugen beim Mini-Marathon und Struwwelpeter-Lauf, fr\u00f6hliche Gesichter beim Brezellauf powered by interAir oder beim Staffelmarathon, zufriedene BesucherInnen der Marathonmall, begeisterte ZuschauerInnen und stimmungsgeladene Atmosph\u00e4re bei bestem Wetter an der Strecke. Schmerzen und Rekorde alles, was zu einem gro\u00dfen Sportevent dazugeh\u00f6rt: der Mainova Frankfurt Marathon 2022 in emotionalen Bildern, die Geschichten erz\u00e4hlen! Auf \u00fcber 100 Seiten kannst Du den Marathon noch einmal nach- und miterleben.<\/p>\n<p>&nbsp;<\/p>\n","protected":false},"excerpt":{"rendered":"<p>Faszination Marathon in hunderten Bildern &#8211; Breitensport und Spitzensport beim Mainova Frankfurt Maratho <a class=\"moretag\" href=\"https:\/\/www.frankfurt-marathon.com\/ja\/produkt\/offizielles-buch-des-mainova-frankfurt-marathon-2022\/\">ganzen Artikel lesen&#8230;<\/a><\/p>\n","protected":false},"featured_media":640795,"template":"","meta":{"_acf_changed":false},"product_brand":[],"product_cat":[101],"product_tag":[],"yst_prominent_words":[],"class_list":{"0":"post-640792","1":"product","2":"type-product","3":"status-publish","4":"has-post-thumbnail","6":"product_cat-buch","7":"product_shipping_class-buch","9":"first","10":"instock","11":"taxable","12":"shipping-taxable","13":"purchasable","14":"product-type-simple"},"acf":[],"_links":{"self":[{"href":"https:\/\/www.frankfurt-marathon.com\/ja\/wp-json\/wp\/v2\/product\/640792","targetHints":{"allow":["GET"]}}],"collection":[{"href":"https:\/\/www.frankfurt-marathon.com\/ja\/wp-json\/wp\/v2\/product"}],"about":[{"href":"https:\/\/www.frankfurt-marathon.com\/ja\/wp-json\/wp\/v2\/types\/product"}],"wp:featuredmedia":[{"embeddable":true,"href":"https:\/\/www.frankfurt-marathon.com\/ja\/wp-json\/wp\/v2\/media\/640795"}],"wp:attachment":[{"href":"https:\/\/www.frankfurt-marathon.com\/ja\/wp-json\/wp\/v2\/media?parent=640792"}],"wp:term":[{"taxonomy":"product_brand","embeddable":true,"href":"https:\/\/www.frankfurt-marathon.com\/ja\/wp-json\/wp\/v2\/product_brand?post=640792"},{"taxonomy":"product_cat","embeddable":true,"href":"https:\/\/www.frankfurt-marathon.com\/ja\/wp-json\/wp\/v2\/product_cat?post=640792"},{"taxonomy":"product_tag","embeddable":true,"href":"https:\/\/www.frankfurt-marathon.com\/ja\/wp-json\/wp\/v2\/product_tag?post=640792"},{"taxonomy":"yst_prominent_words","embeddable":true,"href":"https:\/\/www.frankfurt-marathon.com\/ja\/wp-json\/wp\/v2\/yst_prominent_words?post=640792"}],"curies":[{"name":"wp","href":"https:\/\/api.w.org\/{rel}","templated":true}]}}