{"id":659305,"date":"2024-03-30T15:41:27","date_gmt":"2024-03-30T13:41:27","guid":{"rendered":"https:\/\/deploy.frankfurt-marathon.com\/?post_type=product&#038;p=659305"},"modified":"2025-11-28T19:06:14","modified_gmt":"2025-11-28T17:06:14","slug":"offizielles-buch-des-mainova-frankfurt-marathon-2023","status":"publish","type":"product","link":"https:\/\/www.frankfurt-marathon.com\/ja\/produkt\/offizielles-buch-des-mainova-frankfurt-marathon-2023\/","title":{"rendered":"Offizielles Buch des Mainova Frankfurt Marathon 2023"},"content":{"rendered":"<p>Faszination Marathon in hunderten Bildern &#8211; Breitensport und Spitzensport beim 40. Mainova Frankfurt Marathon mit vielen Siegerinnen und Siegern; leuchtende Kinderaugen beim Mini-Marathon und Struwwelpeter-Lauf, fr\u00f6hliche Gesichter beim Brezellauf powered by interAir oder beim Staffelmarathon, zufriedene BesucherInnen der Marathonmall, begeisterte ZuschauerInnen und stimmungsgeladene Atmosph\u00e4re bei bestem Wetter an der Strecke. Schmerzen und Rekorde alles, was zu einem gro\u00dfen Sportevent dazugeh\u00f6rt: der Mainova Frankfurt Marathon 2023 in emotionalen Bildern, die Geschichten erz\u00e4hlen! Auf \u00fcber 100 Seiten kannst Du den Marathon noch einmal nach- und miterleben.<\/p>\n<p>&nbsp;<\/p>\n","protected":false},"excerpt":{"rendered":"<p>Faszination Marathon in hunderten Bildern &#8211; Breitensport und Spitzensport beim 40. Mainova Frankfurt Mar <a class=\"moretag\" href=\"https:\/\/www.frankfurt-marathon.com\/ja\/produkt\/offizielles-buch-des-mainova-frankfurt-marathon-2023\/\">ganzen Artikel lesen&#8230;<\/a><\/p>\n","protected":false},"featured_media":659308,"template":"","meta":{"_acf_changed":false},"product_brand":[],"product_cat":[101],"product_tag":[],"yst_prominent_words":[],"class_list":{"0":"post-659305","1":"product","2":"type-product","3":"status-publish","4":"has-post-thumbnail","6":"product_cat-buch","7":"product_shipping_class-buch","9":"first","10":"instock","11":"taxable","12":"shipping-taxable","13":"purchasable","14":"product-type-simple"},"acf":[],"_links":{"self":[{"href":"https:\/\/www.frankfurt-marathon.com\/ja\/wp-json\/wp\/v2\/product\/659305","targetHints":{"allow":["GET"]}}],"collection":[{"href":"https:\/\/www.frankfurt-marathon.com\/ja\/wp-json\/wp\/v2\/product"}],"about":[{"href":"https:\/\/www.frankfurt-marathon.com\/ja\/wp-json\/wp\/v2\/types\/product"}],"wp:featuredmedia":[{"embeddable":true,"href":"https:\/\/www.frankfurt-marathon.com\/ja\/wp-json\/wp\/v2\/media\/659308"}],"wp:attachment":[{"href":"https:\/\/www.frankfurt-marathon.com\/ja\/wp-json\/wp\/v2\/media?parent=659305"}],"wp:term":[{"taxonomy":"product_brand","embeddable":true,"href":"https:\/\/www.frankfurt-marathon.com\/ja\/wp-json\/wp\/v2\/product_brand?post=659305"},{"taxonomy":"product_cat","embeddable":true,"href":"https:\/\/www.frankfurt-marathon.com\/ja\/wp-json\/wp\/v2\/product_cat?post=659305"},{"taxonomy":"product_tag","embeddable":true,"href":"https:\/\/www.frankfurt-marathon.com\/ja\/wp-json\/wp\/v2\/product_tag?post=659305"},{"taxonomy":"yst_prominent_words","embeddable":true,"href":"https:\/\/www.frankfurt-marathon.com\/ja\/wp-json\/wp\/v2\/yst_prominent_words?post=659305"}],"curies":[{"name":"wp","href":"https:\/\/api.w.org\/{rel}","templated":true}]}}