{"id":670132,"date":"2025-02-14T14:27:12","date_gmt":"2025-02-14T12:27:12","guid":{"rendered":"https:\/\/deploy.frankfurt-marathon.com\/?post_type=product&#038;p=670132"},"modified":"2025-04-22T12:14:01","modified_gmt":"2025-04-22T10:14:01","slug":"pfeile-im-revier-ein-laufkrimi","status":"publish","type":"product","link":"https:\/\/www.frankfurt-marathon.com\/ja\/produkt\/pfeile-im-revier-ein-laufkrimi\/","title":{"rendered":"Pfeile im Revier &#8211; Ein Laufkrimi"},"content":{"rendered":"<h3>Kaisas zweiter Fall<\/h3>\n<p><span class=\"element-text-standard\">Aus der Reihe: Laufkrimi mit Kaisa Nieminen. Ermittlerin und L\u00e4uferin <\/span>von Markus Heidl<\/p>\n<p>&nbsp;<\/p>\n<h4>Beschreibung<\/h4>\n<p>Die Brandstiftungen des vergangenen Sommers scheinen vergessen, als den ersten Autos im Naturschutzgebiet die Reifen zerstochen werden. Noch erahnt niemand die Hintergr\u00fcnde dieser Machenschaften im Naturschutzgebiet. Ist es Klimaterrorismus, wenn\u00a0<span data-color=\"gelb-light\">der<\/span>\u00a0ortsans\u00e4ssige B\u00fcrgermeister beim Joggen von einem Pfeil getroffen wird? Nach und nach werden Kriminalhauptkommissar Joshua Grimm und seine Partnerin Kaisa Nieminen in einen Fall verwickelt, der sie mitten in den tiefen, dunklen Wald f\u00fchrt. Dort geht ein T\u00e4ter umher, der sich anma\u00dft, \u00fcber Leben und Tod zu entscheiden. Joshua k\u00e4mpft nicht nur gegen die Zeit, sondern auch mit seinem pers\u00f6nlichen Chaos: W\u00e4hrend seine Freundin Natalie von Eifersucht geplagt wird, lernt er die faszinierende F\u00f6rsterin Caroline Peters kennen. Trotz deren Hilfe kommen Joshua und Kaisa der L\u00f6sung des Falls nicht n\u00e4her. Und sie geraten unter Druck, denn die Ruhe des Waldes ist tr\u00fcgerisch. Ein brutaler Mord des mutma\u00dflichen Bogensch\u00fctzen wirft s\u00e4mtliche Theorien \u00fcber den Haufen.<br \/>\nDie Wahrheit ist n\u00e4her als gedacht \u2013 und ersch\u00fcttert Joshua in seinen Grundfesten. Denn der Wald birgt nicht nur dunkle Geheimnisse, sondern gibt und nimmt, wie es die Gesetze der Natur gebieten.<br \/>\nEin fesselnder Kriminalroman \u00fcber Umweltschutz, Macht und die Abgr\u00fcnde der menschlichen Seele.<\/p>\n","protected":false},"excerpt":{"rendered":"<p>Kaisas zweiter Fall Aus der Reihe: Laufkrimi mit Kaisa Nieminen. Ermittlerin und L\u00e4uferin von Markus Heidl &#038;nb <a class=\"moretag\" href=\"https:\/\/www.frankfurt-marathon.com\/ja\/produkt\/pfeile-im-revier-ein-laufkrimi\/\">ganzen Artikel lesen&#8230;<\/a><\/p>\n","protected":false},"featured_media":670153,"template":"","meta":{"_acf_changed":false},"product_brand":[],"product_cat":[101],"product_tag":[],"yst_prominent_words":[],"class_list":{"0":"post-670132","1":"product","2":"type-product","3":"status-publish","4":"has-post-thumbnail","6":"product_cat-buch","8":"first","9":"instock","10":"featured","11":"taxable","12":"shipping-taxable","13":"purchasable","14":"product-type-simple"},"acf":[],"_links":{"self":[{"href":"https:\/\/www.frankfurt-marathon.com\/ja\/wp-json\/wp\/v2\/product\/670132","targetHints":{"allow":["GET"]}}],"collection":[{"href":"https:\/\/www.frankfurt-marathon.com\/ja\/wp-json\/wp\/v2\/product"}],"about":[{"href":"https:\/\/www.frankfurt-marathon.com\/ja\/wp-json\/wp\/v2\/types\/product"}],"wp:featuredmedia":[{"embeddable":true,"href":"https:\/\/www.frankfurt-marathon.com\/ja\/wp-json\/wp\/v2\/media\/670153"}],"wp:attachment":[{"href":"https:\/\/www.frankfurt-marathon.com\/ja\/wp-json\/wp\/v2\/media?parent=670132"}],"wp:term":[{"taxonomy":"product_brand","embeddable":true,"href":"https:\/\/www.frankfurt-marathon.com\/ja\/wp-json\/wp\/v2\/product_brand?post=670132"},{"taxonomy":"product_cat","embeddable":true,"href":"https:\/\/www.frankfurt-marathon.com\/ja\/wp-json\/wp\/v2\/product_cat?post=670132"},{"taxonomy":"product_tag","embeddable":true,"href":"https:\/\/www.frankfurt-marathon.com\/ja\/wp-json\/wp\/v2\/product_tag?post=670132"},{"taxonomy":"yst_prominent_words","embeddable":true,"href":"https:\/\/www.frankfurt-marathon.com\/ja\/wp-json\/wp\/v2\/yst_prominent_words?post=670132"}],"curies":[{"name":"wp","href":"https:\/\/api.w.org\/{rel}","templated":true}]}}