{"id":670177,"date":"2025-02-14T14:53:36","date_gmt":"2025-02-14T12:53:36","guid":{"rendered":"https:\/\/deploy.frankfurt-marathon.com\/?post_type=product&#038;p=670177"},"modified":"2025-04-22T12:14:01","modified_gmt":"2025-04-22T10:14:01","slug":"schroedingers-kasten-der-laufkrimi","status":"publish","type":"product","link":"https:\/\/www.frankfurt-marathon.com\/ja\/produkt\/schroedingers-kasten-der-laufkrimi\/","title":{"rendered":"Schr\u00f6dingers Kasten &#8211; Ein Laufkrimi"},"content":{"rendered":"<h3>Kaisas erster Fall<\/h3>\n<p><span class=\"element-text-standard\">Aus der Reihe: Laufkrimi mit Kaisa Nieminen. Ermittlerin und L\u00e4uferin <\/span>von Markus Heidl<\/p>\n<p>&nbsp;<\/p>\n<h2>Beschreibung<\/h2>\n<p>KAISA IST ZUR\u00dcCK! Nachdem sie aufgrund ihrer Entf\u00fchrung ihr Leben neu ausgerichtet hat, tritt sie ihre Referendariatsstelle im Kommissariat Offenbach an. Gemeinsam mit Hauptkommissar Joshua Grimm gilt es, eine Serie von Gewaltverbrechen im\u00a0<span data-color=\"gelb-light\">Rhein-Main-Gebiet<\/span>\u00a0aufzukl\u00e4ren. Dort ist ein R\u00e4cher unterwegs, der sich in Selbstjustiz \u00fcbt.<br \/>\nW\u00e4hrend sich Kaisa auf den Berlin-Marathon vorbereitet, scheint der T\u00e4ter schnell enttarnt zu sein. Noch fehlen aber die Beweise. Schafft es Kaisa, dem Hauptverd\u00e4chtigen mit ihrem Charme ein Gest\u00e4ndnis zu entlocken? Wie weit gedeiht das Verh\u00e4ltnis zwischen m\u00f6glichem T\u00e4ter und der Ermittlerin? Denn als schlie\u00dflich der Startschuss f\u00fcr das gro\u00dfe Rennen in Berlin f\u00e4llt, steht nicht nur ihr Partner Joshua an der Strecke, sondern auch Schr\u00f6dinger mit einem Kasten.<br \/>\nZuhause h\u00f6rt man von einer Bombenwarnung f\u00fcr Berlin: was hat Schr\u00f6dinger Kaisa mitgebracht? Eine Bombe, wie damals in Boston? Nicht nur Kaisas Rennen wird spannend!<br \/>\nSchr\u00f6dingers Kasten: nach \u201eBitte laufen Sie rechts ran!\u201c der erste eigene Fall f\u00fcr Kaisa Nieminen.<\/p>\n","protected":false},"excerpt":{"rendered":"<p>Kaisas erster Fall Aus der Reihe: Laufkrimi mit Kaisa Nieminen. Ermittlerin und L\u00e4uferin von Markus Heidl &#038;nbs <a class=\"moretag\" href=\"https:\/\/www.frankfurt-marathon.com\/ja\/produkt\/schroedingers-kasten-der-laufkrimi\/\">ganzen Artikel lesen&#8230;<\/a><\/p>\n","protected":false},"featured_media":670192,"template":"","meta":{"_acf_changed":false},"product_brand":[],"product_cat":[101],"product_tag":[],"yst_prominent_words":[],"class_list":{"0":"post-670177","1":"product","2":"type-product","3":"status-publish","4":"has-post-thumbnail","6":"product_cat-buch","8":"first","9":"instock","10":"featured","11":"taxable","12":"shipping-taxable","13":"purchasable","14":"product-type-simple"},"acf":[],"_links":{"self":[{"href":"https:\/\/www.frankfurt-marathon.com\/ja\/wp-json\/wp\/v2\/product\/670177","targetHints":{"allow":["GET"]}}],"collection":[{"href":"https:\/\/www.frankfurt-marathon.com\/ja\/wp-json\/wp\/v2\/product"}],"about":[{"href":"https:\/\/www.frankfurt-marathon.com\/ja\/wp-json\/wp\/v2\/types\/product"}],"wp:featuredmedia":[{"embeddable":true,"href":"https:\/\/www.frankfurt-marathon.com\/ja\/wp-json\/wp\/v2\/media\/670192"}],"wp:attachment":[{"href":"https:\/\/www.frankfurt-marathon.com\/ja\/wp-json\/wp\/v2\/media?parent=670177"}],"wp:term":[{"taxonomy":"product_brand","embeddable":true,"href":"https:\/\/www.frankfurt-marathon.com\/ja\/wp-json\/wp\/v2\/product_brand?post=670177"},{"taxonomy":"product_cat","embeddable":true,"href":"https:\/\/www.frankfurt-marathon.com\/ja\/wp-json\/wp\/v2\/product_cat?post=670177"},{"taxonomy":"product_tag","embeddable":true,"href":"https:\/\/www.frankfurt-marathon.com\/ja\/wp-json\/wp\/v2\/product_tag?post=670177"},{"taxonomy":"yst_prominent_words","embeddable":true,"href":"https:\/\/www.frankfurt-marathon.com\/ja\/wp-json\/wp\/v2\/yst_prominent_words?post=670177"}],"curies":[{"name":"wp","href":"https:\/\/api.w.org\/{rel}","templated":true}]}}